{"id":3637,"date":"2025-12-02T19:50:25","date_gmt":"2025-12-02T18:50:25","guid":{"rendered":"https:\/\/meca-remorque.com\/?post_type=product&#038;p=3637"},"modified":"2025-12-02T19:50:38","modified_gmt":"2025-12-02T18:50:38","slug":"aduro-1-1sk-soapstone","status":"publish","type":"product","link":"https:\/\/meca-remorque.com\/fr\/produit\/aduro-1-1sk-soapstone\/","title":{"rendered":"Aduro 1.1SK Soapstone"},"content":{"rendered":"<p>Aduro 1.1SK er innbegrepet av knitrende hygge og med sine rene linjer passer den inn i ethvert hjem.Peisovnens runde form fungerer som en naturlig forlengelse av skorsteinens forl\u00f8p.For \u00e5 understreke dette er fremsiden holdt helt glatt &#8211; d\u00f8rh\u00e5ndtaket samt h\u00e5ndtakene til luftreguleringen er fullt integrert i ovnen. I bunnen av ovnen er det en uttreksskuff til oppbevaring av peissett og optenningsutstyr.Aduro 1.1SK er bekledd med kleberstein p\u00e5 sidene og toppen av ovnen.Kleberstein er et dekorativt og funksjonelt naturprodukt og hver enkelt stein er unik i farge og struktur.I tillegg har kleberstein den s\u00e6rlige egenskapen at den opptar og avgir varme over lengre tid.<\/p>","protected":false},"excerpt":{"rendered":"<p>Aduro 1.1SK er innbegrepet av knitrende hygge og med sine rene linjer passer den inn i ethvert hjem. &#8230;les mer<\/p>","protected":false},"featured_media":3690,"comment_status":"open","ping_status":"closed","template":"","meta":[],"product_brand":[],"product_cat":[281,282],"product_tag":[],"class_list":{"0":"post-3637","1":"product","2":"type-product","3":"status-publish","4":"has-post-thumbnail","6":"product_cat-ovn","7":"product_cat-peisovner-og-vedovner","9":"first","10":"instock","11":"sale","12":"shipping-taxable","13":"purchasable","14":"product-type-simple"},"_links":{"self":[{"href":"https:\/\/meca-remorque.com\/fr\/wp-json\/wp\/v2\/product\/3637","targetHints":{"allow":["GET"]}}],"collection":[{"href":"https:\/\/meca-remorque.com\/fr\/wp-json\/wp\/v2\/product"}],"about":[{"href":"https:\/\/meca-remorque.com\/fr\/wp-json\/wp\/v2\/types\/product"}],"replies":[{"embeddable":true,"href":"https:\/\/meca-remorque.com\/fr\/wp-json\/wp\/v2\/comments?post=3637"}],"version-history":[{"count":1,"href":"https:\/\/meca-remorque.com\/fr\/wp-json\/wp\/v2\/product\/3637\/revisions"}],"predecessor-version":[{"id":3691,"href":"https:\/\/meca-remorque.com\/fr\/wp-json\/wp\/v2\/product\/3637\/revisions\/3691"}],"wp:featuredmedia":[{"embeddable":true,"href":"https:\/\/meca-remorque.com\/fr\/wp-json\/wp\/v2\/media\/3690"}],"wp:attachment":[{"href":"https:\/\/meca-remorque.com\/fr\/wp-json\/wp\/v2\/media?parent=3637"}],"wp:term":[{"taxonomy":"product_brand","embeddable":true,"href":"https:\/\/meca-remorque.com\/fr\/wp-json\/wp\/v2\/product_brand?post=3637"},{"taxonomy":"product_cat","embeddable":true,"href":"https:\/\/meca-remorque.com\/fr\/wp-json\/wp\/v2\/product_cat?post=3637"},{"taxonomy":"product_tag","embeddable":true,"href":"https:\/\/meca-remorque.com\/fr\/wp-json\/wp\/v2\/product_tag?post=3637"}],"curies":[{"name":"wp","href":"https:\/\/api.w.org\/{rel}","templated":true}]}}