{"id":3644,"date":"2025-12-02T19:50:25","date_gmt":"2025-12-02T18:50:25","guid":{"rendered":"https:\/\/meca-remorque.com\/?post_type=product&#038;p=3644"},"modified":"2025-12-02T19:50:41","modified_gmt":"2025-12-02T18:50:41","slug":"stuv-30-compact-high-13","status":"publish","type":"product","link":"https:\/\/meca-remorque.com\/fr\/produit\/stuv-30-compact-high-13\/","title":{"rendered":"ST\u00dbV 30 COMPACT HIGH (13)"},"content":{"rendered":"<p>&#8220;En enest\u00e5ende ovn, med et design i s\u00e6rklasse&#8221;<br \/>\nDenne\u00a0 ovnen tilbyr 3 forskjellige d\u00f8rer i samme ovn og kan roteres for \u00e5 vise flammene der du oppholder deg.- Vanlig d\u00f8r med stort glass gir deg innsyn til flammene og stor st\u00e5levarme.- Lukket d\u00f8r med kun et lite vindu for \u00e5 begrense str\u00e5levarmen og lar veden varme lenger.- \u00c5pen d\u00f8r gir deg alt b\u00e5let kan by p\u00e5 med lyd og lukt. Du kan til og med grille ved hjelp av ekstrautstyr.-Kan ogs\u00e5 leveres med varmelagringsstein i toppen.<\/p>","protected":false},"excerpt":{"rendered":"<p>&#8220;En enest\u00e5ende ovn, med et design i s\u00e6rklasse&#8221;<br \/>\n&#8230;les mer<\/p>","protected":false},"featured_media":3704,"comment_status":"open","ping_status":"closed","template":"","meta":[],"product_brand":[],"product_cat":[281,282],"product_tag":[],"class_list":{"0":"post-3644","1":"product","2":"type-product","3":"status-publish","4":"has-post-thumbnail","6":"product_cat-ovn","7":"product_cat-peisovner-og-vedovner","9":"first","10":"instock","11":"shipping-taxable","12":"purchasable","13":"product-type-simple"},"_links":{"self":[{"href":"https:\/\/meca-remorque.com\/fr\/wp-json\/wp\/v2\/product\/3644","targetHints":{"allow":["GET"]}}],"collection":[{"href":"https:\/\/meca-remorque.com\/fr\/wp-json\/wp\/v2\/product"}],"about":[{"href":"https:\/\/meca-remorque.com\/fr\/wp-json\/wp\/v2\/types\/product"}],"replies":[{"embeddable":true,"href":"https:\/\/meca-remorque.com\/fr\/wp-json\/wp\/v2\/comments?post=3644"}],"version-history":[{"count":1,"href":"https:\/\/meca-remorque.com\/fr\/wp-json\/wp\/v2\/product\/3644\/revisions"}],"predecessor-version":[{"id":3705,"href":"https:\/\/meca-remorque.com\/fr\/wp-json\/wp\/v2\/product\/3644\/revisions\/3705"}],"wp:featuredmedia":[{"embeddable":true,"href":"https:\/\/meca-remorque.com\/fr\/wp-json\/wp\/v2\/media\/3704"}],"wp:attachment":[{"href":"https:\/\/meca-remorque.com\/fr\/wp-json\/wp\/v2\/media?parent=3644"}],"wp:term":[{"taxonomy":"product_brand","embeddable":true,"href":"https:\/\/meca-remorque.com\/fr\/wp-json\/wp\/v2\/product_brand?post=3644"},{"taxonomy":"product_cat","embeddable":true,"href":"https:\/\/meca-remorque.com\/fr\/wp-json\/wp\/v2\/product_cat?post=3644"},{"taxonomy":"product_tag","embeddable":true,"href":"https:\/\/meca-remorque.com\/fr\/wp-json\/wp\/v2\/product_tag?post=3644"}],"curies":[{"name":"wp","href":"https:\/\/api.w.org\/{rel}","templated":true}]}}