{"id":3645,"date":"2025-12-02T19:50:25","date_gmt":"2025-12-02T18:50:25","guid":{"rendered":"https:\/\/meca-remorque.com\/?post_type=product&#038;p=3645"},"modified":"2025-12-02T19:50:42","modified_gmt":"2025-12-02T18:50:42","slug":"stuv-micromega-%c2%b5m","status":"publish","type":"product","link":"https:\/\/meca-remorque.com\/fr\/produit\/stuv-micromega-%c2%b5m\/","title":{"rendered":"ST\u00dbV MICROMEGA (\u00b5M)"},"content":{"rendered":"<p>One of a kind<br \/>\nEt unikt stykke ingeni\u00f8rkunst. Denne innsatsen byr p\u00e5 noe helt annerledes enn andre innsatser. Det unike buede brennkammeret f\u00e5r flammene frem og glasset som glir opp p\u00e5 en helt ny m\u00e5te gir deg en unik opplevelse.<\/p>","protected":false},"excerpt":{"rendered":"<p>One of a kind<br \/>\n&#8230;les mer<\/p>","protected":false},"featured_media":3706,"comment_status":"open","ping_status":"closed","template":"","meta":[],"product_brand":[],"product_cat":[284,278,279],"product_tag":[],"class_list":{"0":"post-3645","1":"product","2":"type-product","3":"status-publish","4":"has-post-thumbnail","6":"product_cat-innsats-med-glass-pa-1-side","7":"product_cat-peis","8":"product_cat-peisinnsatser","10":"first","11":"instock","12":"shipping-taxable","13":"purchasable","14":"product-type-simple"},"_links":{"self":[{"href":"https:\/\/meca-remorque.com\/fr\/wp-json\/wp\/v2\/product\/3645","targetHints":{"allow":["GET"]}}],"collection":[{"href":"https:\/\/meca-remorque.com\/fr\/wp-json\/wp\/v2\/product"}],"about":[{"href":"https:\/\/meca-remorque.com\/fr\/wp-json\/wp\/v2\/types\/product"}],"replies":[{"embeddable":true,"href":"https:\/\/meca-remorque.com\/fr\/wp-json\/wp\/v2\/comments?post=3645"}],"version-history":[{"count":1,"href":"https:\/\/meca-remorque.com\/fr\/wp-json\/wp\/v2\/product\/3645\/revisions"}],"predecessor-version":[{"id":3707,"href":"https:\/\/meca-remorque.com\/fr\/wp-json\/wp\/v2\/product\/3645\/revisions\/3707"}],"wp:featuredmedia":[{"embeddable":true,"href":"https:\/\/meca-remorque.com\/fr\/wp-json\/wp\/v2\/media\/3706"}],"wp:attachment":[{"href":"https:\/\/meca-remorque.com\/fr\/wp-json\/wp\/v2\/media?parent=3645"}],"wp:term":[{"taxonomy":"product_brand","embeddable":true,"href":"https:\/\/meca-remorque.com\/fr\/wp-json\/wp\/v2\/product_brand?post=3645"},{"taxonomy":"product_cat","embeddable":true,"href":"https:\/\/meca-remorque.com\/fr\/wp-json\/wp\/v2\/product_cat?post=3645"},{"taxonomy":"product_tag","embeddable":true,"href":"https:\/\/meca-remorque.com\/fr\/wp-json\/wp\/v2\/product_tag?post=3645"}],"curies":[{"name":"wp","href":"https:\/\/api.w.org\/{rel}","templated":true}]}}