{"id":3709,"date":"2025-12-02T19:50:45","date_gmt":"2025-12-02T18:50:45","guid":{"rendered":"https:\/\/meca-remorque.com\/?post_type=product&#038;p=3709"},"modified":"2025-12-02T19:50:48","modified_gmt":"2025-12-02T18:50:48","slug":"keddy-sk1001-2-delt-dor-1-sideglass","status":"publish","type":"product","link":"https:\/\/meca-remorque.com\/fr\/produit\/keddy-sk1001-2-delt-dor-1-sideglass\/","title":{"rendered":"Keddy SK1001 2 delt d\u00f8r, 1 sideglass"},"content":{"rendered":"<p>Keddy\u0092s peisinnsatser er produsert av st\u00f8pejern og passer alle typer av \u00e5pne peiser. Det store brennkammeret og det effektive forbrenningssystemet gj\u00f8r peisinnsatsene til effektive oppvarmingskilder. Faktum er at de nye peisinnsatsene markedets mest effektive n\u00e5r det gjelder peisinnsatser med en virkningsgrad p\u00e5 83%. Keddy\u0092s peisinnsatser finnes i 4 ulike modeller og 2 st\u00f8rrelser. Alle modeller har selvlukkende d\u00f8rer.Dr\u00f8mmen om en \u00e5pen peis.Keddy\u0092s peisinnsatser passer alle typer av \u00e5pne peiser. En \u00e5pen peis er ikke bare en varmekilde, men ogs\u00e5 et pent designm\u00f8bel i hjemmet. Med en peisinnsats i din \u00e5pne peis gj\u00f8r du det om til en effektiv varmekilde.Eventuelle \u00e5pninger mellom innsatsen og veggen i peisen kan enkelt fylles med et pent dekorrist eller smijernsrist. Innsatsen kan ogs\u00e5 mures rundt. For \u00e5 f\u00e5 bedre varmeeffekt kan du ogs\u00e5 sette inn en ventil i hetten p\u00e5 peisen.<\/p>","protected":false},"excerpt":{"rendered":"<p>Keddy\u0092s peisinnsatser er produsert av st\u00f8pejern og passer alle typer av \u00e5pne peiser. Det store brennkammeret og det effektive forbrenningssystemet gj\u00f8r peisinnsatsene til effektive oppvarmingskilder. Faktum er at de nye peisinnsatsene markedets mest effektive n\u00e5r det gjelder peisinnsatser med en virkningsgrad p\u00e5 83%. Keddy\u0092s peisinnsatser finnes i 4 ulike modeller og 2 st\u00f8rrelser. Alle modeller har selvlukkende d\u00f8rer. &#8230;les mer<\/p>","protected":false},"featured_media":3740,"comment_status":"open","ping_status":"closed","template":"","meta":[],"product_brand":[],"product_cat":[277,278,279],"product_tag":[],"class_list":{"0":"post-3709","1":"product","2":"type-product","3":"status-publish","4":"has-post-thumbnail","6":"product_cat-innsats-med-glass-pa-2-side","7":"product_cat-peis","8":"product_cat-peisinnsatser","10":"first","11":"instock","12":"shipping-taxable","13":"purchasable","14":"product-type-simple"},"_links":{"self":[{"href":"https:\/\/meca-remorque.com\/fr\/wp-json\/wp\/v2\/product\/3709","targetHints":{"allow":["GET"]}}],"collection":[{"href":"https:\/\/meca-remorque.com\/fr\/wp-json\/wp\/v2\/product"}],"about":[{"href":"https:\/\/meca-remorque.com\/fr\/wp-json\/wp\/v2\/types\/product"}],"replies":[{"embeddable":true,"href":"https:\/\/meca-remorque.com\/fr\/wp-json\/wp\/v2\/comments?post=3709"}],"version-history":[{"count":1,"href":"https:\/\/meca-remorque.com\/fr\/wp-json\/wp\/v2\/product\/3709\/revisions"}],"predecessor-version":[{"id":3741,"href":"https:\/\/meca-remorque.com\/fr\/wp-json\/wp\/v2\/product\/3709\/revisions\/3741"}],"wp:featuredmedia":[{"embeddable":true,"href":"https:\/\/meca-remorque.com\/fr\/wp-json\/wp\/v2\/media\/3740"}],"wp:attachment":[{"href":"https:\/\/meca-remorque.com\/fr\/wp-json\/wp\/v2\/media?parent=3709"}],"wp:term":[{"taxonomy":"product_brand","embeddable":true,"href":"https:\/\/meca-remorque.com\/fr\/wp-json\/wp\/v2\/product_brand?post=3709"},{"taxonomy":"product_cat","embeddable":true,"href":"https:\/\/meca-remorque.com\/fr\/wp-json\/wp\/v2\/product_cat?post=3709"},{"taxonomy":"product_tag","embeddable":true,"href":"https:\/\/meca-remorque.com\/fr\/wp-json\/wp\/v2\/product_tag?post=3709"}],"curies":[{"name":"wp","href":"https:\/\/api.w.org\/{rel}","templated":true}]}}