{"id":3717,"date":"2025-12-02T19:50:45","date_gmt":"2025-12-02T18:50:45","guid":{"rendered":"https:\/\/meca-remorque.com\/?post_type=product&#038;p=3717"},"modified":"2025-12-02T19:50:51","modified_gmt":"2025-12-02T18:50:51","slug":"aduro-17-1-lux-hvid-uden-sideglas","status":"publish","type":"product","link":"https:\/\/meca-remorque.com\/fr\/produit\/aduro-17-1-lux-hvid-uden-sideglas\/","title":{"rendered":"Aduro 17.1 Lux, hvid, uden sideglas"},"content":{"rendered":"<p>Med sin kritthvite fremtoning f\u00e5r Aduro 17.1 Lux et lett uttrykk som skiller seg markant fra klassiske, svarte vedovner. Konveksjonsrillene er integrert i ovnens naturlige linjer, selve brennkammeret er flott avrundet p\u00e5 baksiden, askeskuffen kj\u00f8rer lydl\u00f8st p\u00e5 pakninger, ovnen har flotte detaljer i st\u00f8pejern og er hevet p\u00e5 en liten sokkel. Det store glasspartiet og de enkle h\u00e5ndtakene gir ovnen et elegant utseende. Aduro 17.1 Lux kan b\u00e5de installeres langs en vegg og i et hj\u00f8rne.<\/p>","protected":false},"excerpt":{"rendered":"<p>Med sin kritthvite fremtoning f\u00e5r Aduro 17.1 Lux et lett uttrykk som skiller seg markant fra klassiske, svarte vedovner. &#8230;les mer<\/p>","protected":false},"featured_media":3756,"comment_status":"open","ping_status":"closed","template":"","meta":[],"product_brand":[],"product_cat":[281,282],"product_tag":[],"class_list":{"0":"post-3717","1":"product","2":"type-product","3":"status-publish","4":"has-post-thumbnail","6":"product_cat-ovn","7":"product_cat-peisovner-og-vedovner","9":"first","10":"instock","11":"shipping-taxable","12":"purchasable","13":"product-type-simple"},"_links":{"self":[{"href":"https:\/\/meca-remorque.com\/fr\/wp-json\/wp\/v2\/product\/3717","targetHints":{"allow":["GET"]}}],"collection":[{"href":"https:\/\/meca-remorque.com\/fr\/wp-json\/wp\/v2\/product"}],"about":[{"href":"https:\/\/meca-remorque.com\/fr\/wp-json\/wp\/v2\/types\/product"}],"replies":[{"embeddable":true,"href":"https:\/\/meca-remorque.com\/fr\/wp-json\/wp\/v2\/comments?post=3717"}],"version-history":[{"count":1,"href":"https:\/\/meca-remorque.com\/fr\/wp-json\/wp\/v2\/product\/3717\/revisions"}],"predecessor-version":[{"id":3757,"href":"https:\/\/meca-remorque.com\/fr\/wp-json\/wp\/v2\/product\/3717\/revisions\/3757"}],"wp:featuredmedia":[{"embeddable":true,"href":"https:\/\/meca-remorque.com\/fr\/wp-json\/wp\/v2\/media\/3756"}],"wp:attachment":[{"href":"https:\/\/meca-remorque.com\/fr\/wp-json\/wp\/v2\/media?parent=3717"}],"wp:term":[{"taxonomy":"product_brand","embeddable":true,"href":"https:\/\/meca-remorque.com\/fr\/wp-json\/wp\/v2\/product_brand?post=3717"},{"taxonomy":"product_cat","embeddable":true,"href":"https:\/\/meca-remorque.com\/fr\/wp-json\/wp\/v2\/product_cat?post=3717"},{"taxonomy":"product_tag","embeddable":true,"href":"https:\/\/meca-remorque.com\/fr\/wp-json\/wp\/v2\/product_tag?post=3717"}],"curies":[{"name":"wp","href":"https:\/\/api.w.org\/{rel}","templated":true}]}}