{"id":3719,"date":"2025-12-02T19:50:45","date_gmt":"2025-12-02T18:50:45","guid":{"rendered":"https:\/\/meca-remorque.com\/?post_type=product&#038;p=3719"},"modified":"2025-12-02T19:50:52","modified_gmt":"2025-12-02T18:50:52","slug":"austroflamm-clou-compact-cook-m-rail-justerbare-bein-topputtak","status":"publish","type":"product","link":"https:\/\/meca-remorque.com\/fr\/produit\/austroflamm-clou-compact-cook-m-rail-justerbare-bein-topputtak\/","title":{"rendered":"Austroflamm Clou Compact Cook m\/ rail, justerbare bein, topputtak"},"content":{"rendered":"","protected":false},"excerpt":{"rendered":"<p>CLOU Compact Cook er et godt stykke h\u00e5ndverk: I\u00f8yenfallende, unik og praktisk! Perfekt utf\u00f8rt med en fremtredende st\u00f8pejernsd\u00f8r og en solid stekeplate i st\u00f8pejern. Dette er en perle blant ovner med kokemuligheter. Med CLOU kan nyte den knitrende ilden samtidig som du tilbereder favorittrettene dine.Velger du peisovner fra \u00f8sterrikske Austroflamm har du sikkert gjort deg opp noen meninger om design og kvalitet. Alle designmessige og praktiske detaljer er utf\u00f8rt med \u00f8sterriksk presisjon. Kvalitet og stabilitet sikres ved solid konstruksjon og komponenter i st\u00f8pejern.<\/p>","protected":false},"featured_media":3760,"comment_status":"open","ping_status":"closed","template":"","meta":[],"product_brand":[],"product_cat":[281,282],"product_tag":[],"class_list":{"0":"post-3719","1":"product","2":"type-product","3":"status-publish","4":"has-post-thumbnail","6":"product_cat-ovn","7":"product_cat-peisovner-og-vedovner","9":"first","10":"instock","11":"shipping-taxable","12":"purchasable","13":"product-type-simple"},"_links":{"self":[{"href":"https:\/\/meca-remorque.com\/fr\/wp-json\/wp\/v2\/product\/3719","targetHints":{"allow":["GET"]}}],"collection":[{"href":"https:\/\/meca-remorque.com\/fr\/wp-json\/wp\/v2\/product"}],"about":[{"href":"https:\/\/meca-remorque.com\/fr\/wp-json\/wp\/v2\/types\/product"}],"replies":[{"embeddable":true,"href":"https:\/\/meca-remorque.com\/fr\/wp-json\/wp\/v2\/comments?post=3719"}],"version-history":[{"count":1,"href":"https:\/\/meca-remorque.com\/fr\/wp-json\/wp\/v2\/product\/3719\/revisions"}],"predecessor-version":[{"id":3761,"href":"https:\/\/meca-remorque.com\/fr\/wp-json\/wp\/v2\/product\/3719\/revisions\/3761"}],"wp:featuredmedia":[{"embeddable":true,"href":"https:\/\/meca-remorque.com\/fr\/wp-json\/wp\/v2\/media\/3760"}],"wp:attachment":[{"href":"https:\/\/meca-remorque.com\/fr\/wp-json\/wp\/v2\/media?parent=3719"}],"wp:term":[{"taxonomy":"product_brand","embeddable":true,"href":"https:\/\/meca-remorque.com\/fr\/wp-json\/wp\/v2\/product_brand?post=3719"},{"taxonomy":"product_cat","embeddable":true,"href":"https:\/\/meca-remorque.com\/fr\/wp-json\/wp\/v2\/product_cat?post=3719"},{"taxonomy":"product_tag","embeddable":true,"href":"https:\/\/meca-remorque.com\/fr\/wp-json\/wp\/v2\/product_tag?post=3719"}],"curies":[{"name":"wp","href":"https:\/\/api.w.org\/{rel}","templated":true}]}}