{"id":3723,"date":"2025-12-02T19:50:45","date_gmt":"2025-12-02T18:50:45","guid":{"rendered":"https:\/\/meca-remorque.com\/?post_type=product&#038;p=3723"},"modified":"2025-12-02T19:50:54","modified_gmt":"2025-12-02T18:50:54","slug":"nordpeis-davos-u-hoy-med-n-29u","status":"publish","type":"product","link":"https:\/\/meca-remorque.com\/fr\/produit\/nordpeis-davos-u-hoy-med-n-29u\/","title":{"rendered":"Nordpeis Davos U h\u00f8y med N-29U"},"content":{"rendered":"<p>Davos er en serie med v\u00e5re st\u00f8rste peiser. De har det samme stilrene designet som kjennetegner alle v\u00e5re peiser, og har til tross for sin st\u00f8rrelse et elegant uttrykk. Davos U har doble glass p\u00e5 begge sider, og sideglassene er belagt med et unikt, reflekterende materiale. Denne teknologien gir optimal forbrenning, en innsats det er enklere \u00e5 bruke, og den holder glassene renere. Peisen er flott umalt, men kan ogs\u00e5 males i \u00f8nsket farge.<\/p>\n<p>Stor peis med relativt liten varmeutgivelse<br \/>\nConcrete ShapeStone omramning<br \/>\nMulighet for varmelagring med Powerstone\u2122<br \/>\nRentbrennende<br \/>\nIntegrert brannmur kan plasseres inntil vegg<\/p>","protected":false},"excerpt":{"rendered":"<p>Davos er en serie med v\u00e5re st\u00f8rste peiser. De har det samme stilrene designet som kjennetegner alle v\u00e5re peiser, og har til tross for sin st\u00f8rrelse et elegant uttrykk. Davos U har doble glass p\u00e5 begge sider, og sideglassene er belagt med et unikt, reflekterende materiale. Denne teknologien gir optimal forbrenning, en innsats det er enklere \u00e5 bruke, og den holder glassene renere. Peisen er flott umalt, men kan ogs\u00e5 males i \u00f8nsket farge. &#8230;les mer<\/p>","protected":false},"featured_media":3768,"comment_status":"open","ping_status":"closed","template":"","meta":[],"product_brand":[],"product_cat":[278],"product_tag":[],"class_list":{"0":"post-3723","1":"product","2":"type-product","3":"status-publish","4":"has-post-thumbnail","6":"product_cat-peis","8":"first","9":"instock","10":"shipping-taxable","11":"purchasable","12":"product-type-simple"},"_links":{"self":[{"href":"https:\/\/meca-remorque.com\/fr\/wp-json\/wp\/v2\/product\/3723","targetHints":{"allow":["GET"]}}],"collection":[{"href":"https:\/\/meca-remorque.com\/fr\/wp-json\/wp\/v2\/product"}],"about":[{"href":"https:\/\/meca-remorque.com\/fr\/wp-json\/wp\/v2\/types\/product"}],"replies":[{"embeddable":true,"href":"https:\/\/meca-remorque.com\/fr\/wp-json\/wp\/v2\/comments?post=3723"}],"version-history":[{"count":1,"href":"https:\/\/meca-remorque.com\/fr\/wp-json\/wp\/v2\/product\/3723\/revisions"}],"predecessor-version":[{"id":3769,"href":"https:\/\/meca-remorque.com\/fr\/wp-json\/wp\/v2\/product\/3723\/revisions\/3769"}],"wp:featuredmedia":[{"embeddable":true,"href":"https:\/\/meca-remorque.com\/fr\/wp-json\/wp\/v2\/media\/3768"}],"wp:attachment":[{"href":"https:\/\/meca-remorque.com\/fr\/wp-json\/wp\/v2\/media?parent=3723"}],"wp:term":[{"taxonomy":"product_brand","embeddable":true,"href":"https:\/\/meca-remorque.com\/fr\/wp-json\/wp\/v2\/product_brand?post=3723"},{"taxonomy":"product_cat","embeddable":true,"href":"https:\/\/meca-remorque.com\/fr\/wp-json\/wp\/v2\/product_cat?post=3723"},{"taxonomy":"product_tag","embeddable":true,"href":"https:\/\/meca-remorque.com\/fr\/wp-json\/wp\/v2\/product_tag?post=3723"}],"curies":[{"name":"wp","href":"https:\/\/api.w.org\/{rel}","templated":true}]}}