{"id":3724,"date":"2025-12-02T19:50:45","date_gmt":"2025-12-02T18:50:45","guid":{"rendered":"https:\/\/meca-remorque.com\/?post_type=product&#038;p=3724"},"modified":"2025-12-02T19:50:54","modified_gmt":"2025-12-02T18:50:54","slug":"nordpeis-capri-lav-med-q-24ul-ir","status":"publish","type":"product","link":"https:\/\/meca-remorque.com\/fr\/produit\/nordpeis-capri-lav-med-q-24ul-ir\/","title":{"rendered":"Nordpeis Capri lav med Q-24UL IR"},"content":{"rendered":"<p>Capri lav med Q-24UL IR er en mellomstor peis i et rent, nordisk design. Den har en eksklusiv heve-\/senked\u00f8r som b\u00e5de gj\u00f8r det enkelt \u00e5 legge i ved, og som gir et eksklusivt uttrykk. Peisen er lett \u00e5 plassere p\u00e5 grunn av den innebygde brannmuren.Peis med supermax IR-glass som optimaliserer forbrenningsprosessen og gir enda enklere opptenning og mindre soting p\u00e5 glassene. Dette fordi IR-glassene reflekterer varme inn i brennkammeret.Omramningen leveres umalt. Her er den vist i fargen hvit.- ShapeStone omramming- Varmelagring med PowerStone- Rentbrennende<\/p>","protected":false},"excerpt":{"rendered":"<p>Capri lav med Q-24UL IR er en mellomstor peis i et rent, nordisk design. Den har en eksklusiv heve-\/senked\u00f8r som b\u00e5de gj\u00f8r det enkelt \u00e5 legge i ved, og som gir et eksklusivt uttrykk. Peisen er lett \u00e5 plassere p\u00e5 grunn av den innebygde brannmuren. &#8230;les mer<\/p>","protected":false},"featured_media":3770,"comment_status":"open","ping_status":"closed","template":"","meta":[],"product_brand":[],"product_cat":[278],"product_tag":[],"class_list":{"0":"post-3724","1":"product","2":"type-product","3":"status-publish","4":"has-post-thumbnail","6":"product_cat-peis","8":"first","9":"instock","10":"sale","11":"shipping-taxable","12":"purchasable","13":"product-type-simple"},"_links":{"self":[{"href":"https:\/\/meca-remorque.com\/fr\/wp-json\/wp\/v2\/product\/3724","targetHints":{"allow":["GET"]}}],"collection":[{"href":"https:\/\/meca-remorque.com\/fr\/wp-json\/wp\/v2\/product"}],"about":[{"href":"https:\/\/meca-remorque.com\/fr\/wp-json\/wp\/v2\/types\/product"}],"replies":[{"embeddable":true,"href":"https:\/\/meca-remorque.com\/fr\/wp-json\/wp\/v2\/comments?post=3724"}],"version-history":[{"count":1,"href":"https:\/\/meca-remorque.com\/fr\/wp-json\/wp\/v2\/product\/3724\/revisions"}],"predecessor-version":[{"id":3771,"href":"https:\/\/meca-remorque.com\/fr\/wp-json\/wp\/v2\/product\/3724\/revisions\/3771"}],"wp:featuredmedia":[{"embeddable":true,"href":"https:\/\/meca-remorque.com\/fr\/wp-json\/wp\/v2\/media\/3770"}],"wp:attachment":[{"href":"https:\/\/meca-remorque.com\/fr\/wp-json\/wp\/v2\/media?parent=3724"}],"wp:term":[{"taxonomy":"product_brand","embeddable":true,"href":"https:\/\/meca-remorque.com\/fr\/wp-json\/wp\/v2\/product_brand?post=3724"},{"taxonomy":"product_cat","embeddable":true,"href":"https:\/\/meca-remorque.com\/fr\/wp-json\/wp\/v2\/product_cat?post=3724"},{"taxonomy":"product_tag","embeddable":true,"href":"https:\/\/meca-remorque.com\/fr\/wp-json\/wp\/v2\/product_tag?post=3724"}],"curies":[{"name":"wp","href":"https:\/\/api.w.org\/{rel}","templated":true}]}}