{"id":3730,"date":"2025-12-02T19:50:46","date_gmt":"2025-12-02T18:50:46","guid":{"rendered":"https:\/\/meca-remorque.com\/?post_type=product&#038;p=3730"},"modified":"2025-12-02T19:50:58","modified_gmt":"2025-12-02T18:50:58","slug":"nordpeis-davos-a-lav-med-n-29a-venstre-sort","status":"publish","type":"product","link":"https:\/\/meca-remorque.com\/fr\/produit\/nordpeis-davos-a-lav-med-n-29a-venstre-sort\/","title":{"rendered":"Nordpeis Davos A lav med N-29A venstre sort"},"content":{"rendered":"<p>Davos er en serie med v\u00e5re st\u00f8rste peiser. De har det samme stilrene designet som kjennetegner alle v\u00e5re peiser, og har til tross for sin st\u00f8rrelse et elegant uttrykk. P\u00e5 Davos A Lav har innsatsen doble glass p\u00e5 siden og i front. I tillegg er sideglasset behandlet med et unikt, reflekterende materiale. Denne teknologien gir optimal forbrenning, en innsats det er enklere \u00e5 bruke, og den holder glassene renere. Peisen er flott umalt, men kan ogs\u00e5 males i \u00f8nsket farge.<\/p>\n<p>Stor peis med relativt liten varmeutgivelse<br \/>\nConcrete ShapeStone omramning<br \/>\nMulighet for varmelagring med Powerstone\u2122<br \/>\nRentbrennende<br \/>\nIntegrert brannmur kan plasseres inntil vegg<\/p>","protected":false},"excerpt":{"rendered":"<p>Davos er en serie med v\u00e5re st\u00f8rste peiser. De har det samme stilrene designet som kjennetegner alle v\u00e5re peiser, og har til tross for sin st\u00f8rrelse et elegant uttrykk. P\u00e5 Davos A Lav har innsatsen doble glass p\u00e5 siden og i front. I tillegg er sideglasset behandlet med et unikt, reflekterende materiale. Denne teknologien gir optimal forbrenning, en innsats det er enklere \u00e5 bruke, og den holder glassene renere. Peisen er flott umalt, men kan ogs\u00e5 males i \u00f8nsket farge. &#8230;les mer<\/p>","protected":false},"featured_media":3782,"comment_status":"open","ping_status":"closed","template":"","meta":[],"product_brand":[],"product_cat":[278],"product_tag":[],"class_list":{"0":"post-3730","1":"product","2":"type-product","3":"status-publish","4":"has-post-thumbnail","6":"product_cat-peis","8":"first","9":"instock","10":"shipping-taxable","11":"purchasable","12":"product-type-simple"},"_links":{"self":[{"href":"https:\/\/meca-remorque.com\/fr\/wp-json\/wp\/v2\/product\/3730","targetHints":{"allow":["GET"]}}],"collection":[{"href":"https:\/\/meca-remorque.com\/fr\/wp-json\/wp\/v2\/product"}],"about":[{"href":"https:\/\/meca-remorque.com\/fr\/wp-json\/wp\/v2\/types\/product"}],"replies":[{"embeddable":true,"href":"https:\/\/meca-remorque.com\/fr\/wp-json\/wp\/v2\/comments?post=3730"}],"version-history":[{"count":1,"href":"https:\/\/meca-remorque.com\/fr\/wp-json\/wp\/v2\/product\/3730\/revisions"}],"predecessor-version":[{"id":3783,"href":"https:\/\/meca-remorque.com\/fr\/wp-json\/wp\/v2\/product\/3730\/revisions\/3783"}],"wp:featuredmedia":[{"embeddable":true,"href":"https:\/\/meca-remorque.com\/fr\/wp-json\/wp\/v2\/media\/3782"}],"wp:attachment":[{"href":"https:\/\/meca-remorque.com\/fr\/wp-json\/wp\/v2\/media?parent=3730"}],"wp:term":[{"taxonomy":"product_brand","embeddable":true,"href":"https:\/\/meca-remorque.com\/fr\/wp-json\/wp\/v2\/product_brand?post=3730"},{"taxonomy":"product_cat","embeddable":true,"href":"https:\/\/meca-remorque.com\/fr\/wp-json\/wp\/v2\/product_cat?post=3730"},{"taxonomy":"product_tag","embeddable":true,"href":"https:\/\/meca-remorque.com\/fr\/wp-json\/wp\/v2\/product_tag?post=3730"}],"curies":[{"name":"wp","href":"https:\/\/api.w.org\/{rel}","templated":true}]}}