{"id":3731,"date":"2025-12-02T19:50:46","date_gmt":"2025-12-02T18:50:46","guid":{"rendered":"https:\/\/meca-remorque.com\/?post_type=product&#038;p=3731"},"modified":"2025-12-02T19:50:59","modified_gmt":"2025-12-02T18:50:59","slug":"nordpeis-davos-p-hoy-med-n-29p","status":"publish","type":"product","link":"https:\/\/meca-remorque.com\/fr\/produit\/nordpeis-davos-p-hoy-med-n-29p\/","title":{"rendered":"Nordpeis Davos P h\u00f8y med N-29P"},"content":{"rendered":"<p>Davos P H\u00f8y er peis med panoramainnsyn som du kan se igjennom. De store panoramaglassene gir spesielt godt innsyn til flammene fra begge sider, i tillegg til fra fremsiden. Denne varianten av Davos-serien egner seg godt dersom du \u00f8nsker \u00e5 bruke peisen som en romdeler. Davos P H\u00f8y har doble glass p\u00e5 alle sider. Denne teknologien gir optimal forbrenning, en innsats det er enklere \u00e5 bruke, og den holder glassene rene. Davos leveres med hvite rister. Disse kan du lakkere i \u00f8nsket farge.<\/p>\n<p>Stor peis med relativt liten varmeutgivelse<br \/>\nConcrete ShapeStone omramning<br \/>\nMulighet for varmelagring med Powerstone\u2122<br \/>\nRentbrennende<br \/>\nIntegrert brannmur kan plasseres inntil vegg<\/p>","protected":false},"excerpt":{"rendered":"<p>Davos P H\u00f8y er peis med panoramainnsyn som du kan se igjennom. De store panoramaglassene gir spesielt godt innsyn til flammene fra begge sider, i tillegg til fra fremsiden. Denne varianten av Davos-serien egner seg godt dersom du \u00f8nsker \u00e5 bruke peisen som en romdeler. Davos P H\u00f8y har doble glass p\u00e5 alle sider. Denne teknologien gir optimal forbrenning, en innsats det er enklere \u00e5 bruke, og den holder glassene rene. Davos leveres med hvite rister. Disse kan du lakkere i \u00f8nsket farge. &#8230;les mer<\/p>","protected":false},"featured_media":3784,"comment_status":"open","ping_status":"closed","template":"","meta":[],"product_brand":[],"product_cat":[278],"product_tag":[],"class_list":{"0":"post-3731","1":"product","2":"type-product","3":"status-publish","4":"has-post-thumbnail","6":"product_cat-peis","8":"first","9":"instock","10":"shipping-taxable","11":"purchasable","12":"product-type-simple"},"_links":{"self":[{"href":"https:\/\/meca-remorque.com\/fr\/wp-json\/wp\/v2\/product\/3731","targetHints":{"allow":["GET"]}}],"collection":[{"href":"https:\/\/meca-remorque.com\/fr\/wp-json\/wp\/v2\/product"}],"about":[{"href":"https:\/\/meca-remorque.com\/fr\/wp-json\/wp\/v2\/types\/product"}],"replies":[{"embeddable":true,"href":"https:\/\/meca-remorque.com\/fr\/wp-json\/wp\/v2\/comments?post=3731"}],"version-history":[{"count":1,"href":"https:\/\/meca-remorque.com\/fr\/wp-json\/wp\/v2\/product\/3731\/revisions"}],"predecessor-version":[{"id":3785,"href":"https:\/\/meca-remorque.com\/fr\/wp-json\/wp\/v2\/product\/3731\/revisions\/3785"}],"wp:featuredmedia":[{"embeddable":true,"href":"https:\/\/meca-remorque.com\/fr\/wp-json\/wp\/v2\/media\/3784"}],"wp:attachment":[{"href":"https:\/\/meca-remorque.com\/fr\/wp-json\/wp\/v2\/media?parent=3731"}],"wp:term":[{"taxonomy":"product_brand","embeddable":true,"href":"https:\/\/meca-remorque.com\/fr\/wp-json\/wp\/v2\/product_brand?post=3731"},{"taxonomy":"product_cat","embeddable":true,"href":"https:\/\/meca-remorque.com\/fr\/wp-json\/wp\/v2\/product_cat?post=3731"},{"taxonomy":"product_tag","embeddable":true,"href":"https:\/\/meca-remorque.com\/fr\/wp-json\/wp\/v2\/product_tag?post=3731"}],"curies":[{"name":"wp","href":"https:\/\/api.w.org\/{rel}","templated":true}]}}