{"id":3734,"date":"2025-12-02T19:50:46","date_gmt":"2025-12-02T18:50:46","guid":{"rendered":"https:\/\/meca-remorque.com\/?post_type=product&#038;p=3734"},"modified":"2025-12-02T19:51:01","modified_gmt":"2025-12-02T18:51:01","slug":"nordpeis-duo-1","status":"publish","type":"product","link":"https:\/\/meca-remorque.com\/fr\/produit\/nordpeis-duo-1\/","title":{"rendered":"Nordpeis Duo 1"},"content":{"rendered":"<p>Nordpeis Duo 1 pidestall med stor glassd\u00f8r og sideglass, har et flott innsyn til flammene. Denne peisovnen passer like godt i hj\u00f8rnet som p\u00e5 rettvegg. Designet av Ingvild W. M\u00f8rk og Karoline Bommen i elegant og stilren form.<br \/>\n-Luftspyling for renere glass.<br \/>\n-Rentbrennende.<br \/>\n-Mulighet for frisklufttilf\u00f8rsel.<br \/>\n-Konveksjonsovn.<\/p>","protected":false},"excerpt":{"rendered":"<p>Nordpeis Duo 1 pidestall med stor glassd\u00f8r og sideglass, har et flott innsyn til flammene. Denne peisovnen passer like godt i hj\u00f8rnet som p\u00e5 rettvegg. &#8230;les mer<\/p>","protected":false},"featured_media":3790,"comment_status":"open","ping_status":"closed","template":"","meta":[],"product_brand":[],"product_cat":[281,282],"product_tag":[],"class_list":{"0":"post-3734","1":"product","2":"type-product","3":"status-publish","4":"has-post-thumbnail","6":"product_cat-ovn","7":"product_cat-peisovner-og-vedovner","9":"first","10":"instock","11":"shipping-taxable","12":"purchasable","13":"product-type-simple"},"_links":{"self":[{"href":"https:\/\/meca-remorque.com\/fr\/wp-json\/wp\/v2\/product\/3734","targetHints":{"allow":["GET"]}}],"collection":[{"href":"https:\/\/meca-remorque.com\/fr\/wp-json\/wp\/v2\/product"}],"about":[{"href":"https:\/\/meca-remorque.com\/fr\/wp-json\/wp\/v2\/types\/product"}],"replies":[{"embeddable":true,"href":"https:\/\/meca-remorque.com\/fr\/wp-json\/wp\/v2\/comments?post=3734"}],"version-history":[{"count":1,"href":"https:\/\/meca-remorque.com\/fr\/wp-json\/wp\/v2\/product\/3734\/revisions"}],"predecessor-version":[{"id":3791,"href":"https:\/\/meca-remorque.com\/fr\/wp-json\/wp\/v2\/product\/3734\/revisions\/3791"}],"wp:featuredmedia":[{"embeddable":true,"href":"https:\/\/meca-remorque.com\/fr\/wp-json\/wp\/v2\/media\/3790"}],"wp:attachment":[{"href":"https:\/\/meca-remorque.com\/fr\/wp-json\/wp\/v2\/media?parent=3734"}],"wp:term":[{"taxonomy":"product_brand","embeddable":true,"href":"https:\/\/meca-remorque.com\/fr\/wp-json\/wp\/v2\/product_brand?post=3734"},{"taxonomy":"product_cat","embeddable":true,"href":"https:\/\/meca-remorque.com\/fr\/wp-json\/wp\/v2\/product_cat?post=3734"},{"taxonomy":"product_tag","embeddable":true,"href":"https:\/\/meca-remorque.com\/fr\/wp-json\/wp\/v2\/product_tag?post=3734"}],"curies":[{"name":"wp","href":"https:\/\/api.w.org\/{rel}","templated":true}]}}