{"id":3804,"date":"2025-12-02T19:51:21","date_gmt":"2025-12-02T18:51:21","guid":{"rendered":"https:\/\/meca-remorque.com\/?post_type=product&#038;p=3804"},"modified":"2025-12-02T19:51:23","modified_gmt":"2025-12-02T18:51:23","slug":"nordpeis-n-21f-exclusive","status":"publish","type":"product","link":"https:\/\/meca-remorque.com\/fr\/produit\/nordpeis-n-21f-exclusive\/","title":{"rendered":"Nordpeis N-21F Exclusive"},"content":{"rendered":"<p>Nordpeis N-21 Exclusive-serien er innsatser med et rent og eksklusivt uttrykk.  Innsatsene har en praktisk stoppfunksjon som gj\u00f8r at d\u00f8ren holder seg oppe mens du legger i ved og et h\u00e5ndtak som ikke blir varmt under fyring. I tillegg er innsiden av innsatsen er kledd i v\u00e5r egenutviklede Thermotte isolasjonsplater, som er sterke, isolerende og har et lyst og delikat utseende. N-21F. Exclusive er en innsats med frontglass.<\/p>","protected":false},"excerpt":{"rendered":"<p>Nordpeis N-21 Exclusive-serien er innsatser med et rent og eksklusivt uttrykk.  &#8230;les mer<\/p>","protected":false},"featured_media":3834,"comment_status":"open","ping_status":"closed","template":"","meta":[],"product_brand":[],"product_cat":[284,278,279],"product_tag":[],"class_list":{"0":"post-3804","1":"product","2":"type-product","3":"status-publish","4":"has-post-thumbnail","6":"product_cat-innsats-med-glass-pa-1-side","7":"product_cat-peis","8":"product_cat-peisinnsatser","10":"first","11":"instock","12":"shipping-taxable","13":"purchasable","14":"product-type-simple"},"_links":{"self":[{"href":"https:\/\/meca-remorque.com\/fr\/wp-json\/wp\/v2\/product\/3804","targetHints":{"allow":["GET"]}}],"collection":[{"href":"https:\/\/meca-remorque.com\/fr\/wp-json\/wp\/v2\/product"}],"about":[{"href":"https:\/\/meca-remorque.com\/fr\/wp-json\/wp\/v2\/types\/product"}],"replies":[{"embeddable":true,"href":"https:\/\/meca-remorque.com\/fr\/wp-json\/wp\/v2\/comments?post=3804"}],"version-history":[{"count":1,"href":"https:\/\/meca-remorque.com\/fr\/wp-json\/wp\/v2\/product\/3804\/revisions"}],"predecessor-version":[{"id":3835,"href":"https:\/\/meca-remorque.com\/fr\/wp-json\/wp\/v2\/product\/3804\/revisions\/3835"}],"wp:featuredmedia":[{"embeddable":true,"href":"https:\/\/meca-remorque.com\/fr\/wp-json\/wp\/v2\/media\/3834"}],"wp:attachment":[{"href":"https:\/\/meca-remorque.com\/fr\/wp-json\/wp\/v2\/media?parent=3804"}],"wp:term":[{"taxonomy":"product_brand","embeddable":true,"href":"https:\/\/meca-remorque.com\/fr\/wp-json\/wp\/v2\/product_brand?post=3804"},{"taxonomy":"product_cat","embeddable":true,"href":"https:\/\/meca-remorque.com\/fr\/wp-json\/wp\/v2\/product_cat?post=3804"},{"taxonomy":"product_tag","embeddable":true,"href":"https:\/\/meca-remorque.com\/fr\/wp-json\/wp\/v2\/product_tag?post=3804"}],"curies":[{"name":"wp","href":"https:\/\/api.w.org\/{rel}","templated":true}]}}