{"id":3807,"date":"2025-12-02T19:51:21","date_gmt":"2025-12-02T18:51:21","guid":{"rendered":"https:\/\/meca-remorque.com\/?post_type=product&#038;p=3807"},"modified":"2025-12-02T19:51:24","modified_gmt":"2025-12-02T18:51:24","slug":"romotop-evora-30-sort-stal","status":"publish","type":"product","link":"https:\/\/meca-remorque.com\/fr\/produit\/romotop-evora-30-sort-stal\/","title":{"rendered":"Romotop Evora 30 Sort st\u00e5l"},"content":{"rendered":"<p>Romotop Evora, standard st\u00e5l&#8221;Et kompakt ildsted i popul\u00e6r oval utforming&#8221;. Godt egnet for lav-energi-hus Buet glass med godt innsyn til flammene. Forvarmet sekund\u00e6rluft som vasker ovnsglasset rent for sot og st\u00f8v. Kun ett h\u00e5ndtak\/regulator for kontroll av trekk\/forbrenning. Sokkelrom med d\u00f8r Klargjort for frisklufttilkobling (CAI).<\/p>","protected":false},"excerpt":{"rendered":"<p>Romotop Evora, standard st\u00e5l &#8230;les mer<\/p>","protected":false},"featured_media":3840,"comment_status":"open","ping_status":"closed","template":"","meta":[],"product_brand":[],"product_cat":[281,282],"product_tag":[],"class_list":{"0":"post-3807","1":"product","2":"type-product","3":"status-publish","4":"has-post-thumbnail","6":"product_cat-ovn","7":"product_cat-peisovner-og-vedovner","9":"first","10":"instock","11":"sale","12":"shipping-taxable","13":"purchasable","14":"product-type-simple"},"_links":{"self":[{"href":"https:\/\/meca-remorque.com\/fr\/wp-json\/wp\/v2\/product\/3807","targetHints":{"allow":["GET"]}}],"collection":[{"href":"https:\/\/meca-remorque.com\/fr\/wp-json\/wp\/v2\/product"}],"about":[{"href":"https:\/\/meca-remorque.com\/fr\/wp-json\/wp\/v2\/types\/product"}],"replies":[{"embeddable":true,"href":"https:\/\/meca-remorque.com\/fr\/wp-json\/wp\/v2\/comments?post=3807"}],"version-history":[{"count":1,"href":"https:\/\/meca-remorque.com\/fr\/wp-json\/wp\/v2\/product\/3807\/revisions"}],"predecessor-version":[{"id":3841,"href":"https:\/\/meca-remorque.com\/fr\/wp-json\/wp\/v2\/product\/3807\/revisions\/3841"}],"wp:featuredmedia":[{"embeddable":true,"href":"https:\/\/meca-remorque.com\/fr\/wp-json\/wp\/v2\/media\/3840"}],"wp:attachment":[{"href":"https:\/\/meca-remorque.com\/fr\/wp-json\/wp\/v2\/media?parent=3807"}],"wp:term":[{"taxonomy":"product_brand","embeddable":true,"href":"https:\/\/meca-remorque.com\/fr\/wp-json\/wp\/v2\/product_brand?post=3807"},{"taxonomy":"product_cat","embeddable":true,"href":"https:\/\/meca-remorque.com\/fr\/wp-json\/wp\/v2\/product_cat?post=3807"},{"taxonomy":"product_tag","embeddable":true,"href":"https:\/\/meca-remorque.com\/fr\/wp-json\/wp\/v2\/product_tag?post=3807"}],"curies":[{"name":"wp","href":"https:\/\/api.w.org\/{rel}","templated":true}]}}