{"id":3819,"date":"2025-12-02T19:51:22","date_gmt":"2025-12-02T18:51:22","guid":{"rendered":"https:\/\/meca-remorque.com\/?post_type=product&#038;p=3819"},"modified":"2025-12-02T19:51:32","modified_gmt":"2025-12-02T18:51:32","slug":"romotop-heat-c-lift-80-52-31-lyst-brennkammer-hc3lj","status":"publish","type":"product","link":"https:\/\/meca-remorque.com\/fr\/produit\/romotop-heat-c-lift-80-52-31-lyst-brennkammer-hc3lj\/","title":{"rendered":"Romotop Heat C, lift, 80.52.31 Lyst brennkammer (HC3LJ)"},"content":{"rendered":"<p>Eksklusiv 3-sidet peisinnsats med soft close heved\u00f8r og &#8220;split&#8221; glassHEAT er Romotops nyutviklede store peisinnsatser. Med Romotop`s posisjon, som en av Europas store peis og ildsted produsenter, ligger de helt i tet b\u00e5de i effektivitet, kvalitet, og innovasjon.HEAT C 3g L 80.52.31.01 er en eksklusivt peisinnsats med glass p\u00e5 3 sider for maksimal nytelse av flammebildet. Egenskaper for HEAT C 3g L 80.52.21 &#8211; Design \u00absplit\u00bb glass omrammet av en trykt svart kant- Beregnet for peiskasse med konveksjon- Spesielt Romotop DOUBLE SPIN r\u00f8ykgassystem- Heved\u00f8r med Soft Close , nyutviklet presist rullesystem &#8211; D\u00f8ren beveger seg usedvanlig stille og mykt- Konveksjonsplater for \u00e5 begrense varmestr\u00e5ling. Peisene som selges i Norge har dette som standard- Forbrenningskammeret er kledd med st\u00f8pt Chamottestein. Leveres med 3 \u00e5rs garanti mot bruddskader- Regulering av prim\u00e6r og sekund\u00e6r luftinntak med en enkel hendel i framkant av glasset, nede- terti\u00e6r luftinntak- CAI (eksternt luftinntak) for tilpassing til moderne boliger- Peisinnsatsen oppfyller f\u00f8lgende standarder: EN 13 229, DIN , NS 3058\/3059 , 15a B-VG fra 2015- Vi tilbyr HEAT C glass i 2 bredder 65 og 80 cm. ( glass)- Som tilbeh\u00f8r kan det leveres en rekke rammer , varmelagrende stein etc.<\/p>","protected":false},"excerpt":{"rendered":"<p>Eksklusiv 3-sidet peisinnsats med soft close heved\u00f8r og &#8220;split&#8221; glass &#8230;les mer<\/p>","protected":false},"featured_media":3864,"comment_status":"open","ping_status":"closed","template":"","meta":[],"product_brand":[],"product_cat":[285,278,279],"product_tag":[],"class_list":{"0":"post-3819","1":"product","2":"type-product","3":"status-publish","4":"has-post-thumbnail","6":"product_cat-innsats-med-glass-pa-3-side","7":"product_cat-peis","8":"product_cat-peisinnsatser","10":"first","11":"instock","12":"shipping-taxable","13":"purchasable","14":"product-type-simple"},"_links":{"self":[{"href":"https:\/\/meca-remorque.com\/fr\/wp-json\/wp\/v2\/product\/3819","targetHints":{"allow":["GET"]}}],"collection":[{"href":"https:\/\/meca-remorque.com\/fr\/wp-json\/wp\/v2\/product"}],"about":[{"href":"https:\/\/meca-remorque.com\/fr\/wp-json\/wp\/v2\/types\/product"}],"replies":[{"embeddable":true,"href":"https:\/\/meca-remorque.com\/fr\/wp-json\/wp\/v2\/comments?post=3819"}],"version-history":[{"count":1,"href":"https:\/\/meca-remorque.com\/fr\/wp-json\/wp\/v2\/product\/3819\/revisions"}],"predecessor-version":[{"id":3865,"href":"https:\/\/meca-remorque.com\/fr\/wp-json\/wp\/v2\/product\/3819\/revisions\/3865"}],"wp:featuredmedia":[{"embeddable":true,"href":"https:\/\/meca-remorque.com\/fr\/wp-json\/wp\/v2\/media\/3864"}],"wp:attachment":[{"href":"https:\/\/meca-remorque.com\/fr\/wp-json\/wp\/v2\/media?parent=3819"}],"wp:term":[{"taxonomy":"product_brand","embeddable":true,"href":"https:\/\/meca-remorque.com\/fr\/wp-json\/wp\/v2\/product_brand?post=3819"},{"taxonomy":"product_cat","embeddable":true,"href":"https:\/\/meca-remorque.com\/fr\/wp-json\/wp\/v2\/product_cat?post=3819"},{"taxonomy":"product_tag","embeddable":true,"href":"https:\/\/meca-remorque.com\/fr\/wp-json\/wp\/v2\/product_tag?post=3819"}],"curies":[{"name":"wp","href":"https:\/\/api.w.org\/{rel}","templated":true}]}}