{"id":3820,"date":"2025-12-02T19:51:22","date_gmt":"2025-12-02T18:51:22","guid":{"rendered":"https:\/\/meca-remorque.com\/?post_type=product&#038;p=3820"},"modified":"2025-12-02T19:51:32","modified_gmt":"2025-12-02T18:51:32","slug":"keddy-christineberg-hvit-bakuttak","status":"publish","type":"product","link":"https:\/\/meca-remorque.com\/fr\/produit\/keddy-christineberg-hvit-bakuttak\/","title":{"rendered":"Keddy Christineberg hvit bakuttak"},"content":{"rendered":"<p>Kakkelovnen Christineberg kombinerer nostalgisk design og moderne teknologi. Christineberg er lett \u00e5 montere og plassere &#8211; den passer like godt mot en rett vegg som i et hj\u00f8rne. Med forfedre og detaljer fra den gustavianske perioden fra 1700-tallet, og nytenkende konstruksjon utviklet i samarbeid med Royal Institute of Technology i Stockholm, er dette en ovn som uttrykker klassisk svensk h\u00e5ndverkstradisjon og en absolutt topp effekt.Kakkelovnen har en effektivitet p\u00e5 86 prosent, noe som er en av de h\u00f8yeste verdiene noensinne m\u00e5lt. I tillegg er de et godt valg for milj\u00f8et. Utslippene er sv\u00e6rt lave, og de oppfyller ogs\u00e5 de strengeste milj\u00f8kravene med god margin.<\/p>","protected":false},"excerpt":{"rendered":"<p>Kakkelovnen Christineberg kombinerer nostalgisk design og moderne teknologi. Christineberg er lett \u00e5 montere og plassere &#8211; den passer like godt mot en rett vegg som i et hj\u00f8rne. &#8230;les mer<\/p>","protected":false},"featured_media":3866,"comment_status":"open","ping_status":"closed","template":"","meta":[],"product_brand":[],"product_cat":[471,281],"product_tag":[],"class_list":{"0":"post-3820","1":"product","2":"type-product","3":"status-publish","4":"has-post-thumbnail","6":"product_cat-kakkelovn","7":"product_cat-ovn","9":"first","10":"instock","11":"shipping-taxable","12":"purchasable","13":"product-type-simple"},"_links":{"self":[{"href":"https:\/\/meca-remorque.com\/fr\/wp-json\/wp\/v2\/product\/3820","targetHints":{"allow":["GET"]}}],"collection":[{"href":"https:\/\/meca-remorque.com\/fr\/wp-json\/wp\/v2\/product"}],"about":[{"href":"https:\/\/meca-remorque.com\/fr\/wp-json\/wp\/v2\/types\/product"}],"replies":[{"embeddable":true,"href":"https:\/\/meca-remorque.com\/fr\/wp-json\/wp\/v2\/comments?post=3820"}],"version-history":[{"count":1,"href":"https:\/\/meca-remorque.com\/fr\/wp-json\/wp\/v2\/product\/3820\/revisions"}],"predecessor-version":[{"id":3867,"href":"https:\/\/meca-remorque.com\/fr\/wp-json\/wp\/v2\/product\/3820\/revisions\/3867"}],"wp:featuredmedia":[{"embeddable":true,"href":"https:\/\/meca-remorque.com\/fr\/wp-json\/wp\/v2\/media\/3866"}],"wp:attachment":[{"href":"https:\/\/meca-remorque.com\/fr\/wp-json\/wp\/v2\/media?parent=3820"}],"wp:term":[{"taxonomy":"product_brand","embeddable":true,"href":"https:\/\/meca-remorque.com\/fr\/wp-json\/wp\/v2\/product_brand?post=3820"},{"taxonomy":"product_cat","embeddable":true,"href":"https:\/\/meca-remorque.com\/fr\/wp-json\/wp\/v2\/product_cat?post=3820"},{"taxonomy":"product_tag","embeddable":true,"href":"https:\/\/meca-remorque.com\/fr\/wp-json\/wp\/v2\/product_tag?post=3820"}],"curies":[{"name":"wp","href":"https:\/\/api.w.org\/{rel}","templated":true}]}}