{"id":3826,"date":"2025-12-02T19:51:22","date_gmt":"2025-12-02T18:51:22","guid":{"rendered":"https:\/\/meca-remorque.com\/?post_type=product&#038;p=3826"},"modified":"2025-12-02T19:51:38","modified_gmt":"2025-12-02T18:51:38","slug":"keddy-k900-lav-sort","status":"publish","type":"product","link":"https:\/\/meca-remorque.com\/fr\/produit\/keddy-k900-lav-sort\/","title":{"rendered":"Keddy K900 Lav sort"},"content":{"rendered":"","protected":false},"excerpt":{"rendered":"<p>K900 serien er det nyeste tilskuddet til Keddy. Det store glasset gir optimalt innsyn og blir et blikkfang i ditt hjem. Velg mellom 2 h\u00f8yder, sorte eller blanke lister og sort eller brunt l\u00e6rh\u00e5ndtak. I tillegg kan du f\u00e5 varmemagasin (h\u00f8y modell) som kan holde p\u00e5 varmen opp til 6-8 timer etter at man har sluttet \u00e5 fyre.<\/p>","protected":false},"featured_media":3878,"comment_status":"open","ping_status":"closed","template":"","meta":[],"product_brand":[],"product_cat":[281,282],"product_tag":[],"class_list":{"0":"post-3826","1":"product","2":"type-product","3":"status-publish","4":"has-post-thumbnail","6":"product_cat-ovn","7":"product_cat-peisovner-og-vedovner","9":"first","10":"instock","11":"shipping-taxable","12":"purchasable","13":"product-type-simple"},"_links":{"self":[{"href":"https:\/\/meca-remorque.com\/fr\/wp-json\/wp\/v2\/product\/3826","targetHints":{"allow":["GET"]}}],"collection":[{"href":"https:\/\/meca-remorque.com\/fr\/wp-json\/wp\/v2\/product"}],"about":[{"href":"https:\/\/meca-remorque.com\/fr\/wp-json\/wp\/v2\/types\/product"}],"replies":[{"embeddable":true,"href":"https:\/\/meca-remorque.com\/fr\/wp-json\/wp\/v2\/comments?post=3826"}],"version-history":[{"count":1,"href":"https:\/\/meca-remorque.com\/fr\/wp-json\/wp\/v2\/product\/3826\/revisions"}],"predecessor-version":[{"id":3879,"href":"https:\/\/meca-remorque.com\/fr\/wp-json\/wp\/v2\/product\/3826\/revisions\/3879"}],"wp:featuredmedia":[{"embeddable":true,"href":"https:\/\/meca-remorque.com\/fr\/wp-json\/wp\/v2\/media\/3878"}],"wp:attachment":[{"href":"https:\/\/meca-remorque.com\/fr\/wp-json\/wp\/v2\/media?parent=3826"}],"wp:term":[{"taxonomy":"product_brand","embeddable":true,"href":"https:\/\/meca-remorque.com\/fr\/wp-json\/wp\/v2\/product_brand?post=3826"},{"taxonomy":"product_cat","embeddable":true,"href":"https:\/\/meca-remorque.com\/fr\/wp-json\/wp\/v2\/product_cat?post=3826"},{"taxonomy":"product_tag","embeddable":true,"href":"https:\/\/meca-remorque.com\/fr\/wp-json\/wp\/v2\/product_tag?post=3826"}],"curies":[{"name":"wp","href":"https:\/\/api.w.org\/{rel}","templated":true}]}}