{"id":3895,"date":"2025-12-02T19:51:45","date_gmt":"2025-12-02T18:51:45","guid":{"rendered":"https:\/\/meca-remorque.com\/?post_type=product&#038;p=3895"},"modified":"2025-12-02T19:51:48","modified_gmt":"2025-12-02T18:51:48","slug":"mbs-vedovn-olymp-sort","status":"publish","type":"product","link":"https:\/\/meca-remorque.com\/fr\/produit\/mbs-vedovn-olymp-sort\/","title":{"rendered":"MBS Vedovn Olymp sort"},"content":{"rendered":"<p>Kompakt kj\u00f8kkenkomfyr uten bakeovnOlympia kj\u00f8kkenkomfyr er en nostalgisk vedkomfyr med moderne fyringsegenskaper. Komfyren har kokeplate i topplaten, brennkammer av st\u00f8pejern, askeskuff og utstyrsskuff i bunnen.Ovnen kan leveres i 2 farger, sort eller r\u00f8d.Med sine moderne fyringsegenskaper egner de seg utmerket som varmekilde i tillegg til at man kan lage mat p\u00e5 den.<\/p>","protected":false},"excerpt":{"rendered":"<p>Kompakt kj\u00f8kkenkomfyr uten bakeovn &#8230;les mer<\/p>","protected":false},"featured_media":3926,"comment_status":"open","ping_status":"closed","template":"","meta":[],"product_brand":[],"product_cat":[281,282],"product_tag":[],"class_list":{"0":"post-3895","1":"product","2":"type-product","3":"status-publish","4":"has-post-thumbnail","6":"product_cat-ovn","7":"product_cat-peisovner-og-vedovner","9":"first","10":"instock","11":"shipping-taxable","12":"purchasable","13":"product-type-simple"},"_links":{"self":[{"href":"https:\/\/meca-remorque.com\/fr\/wp-json\/wp\/v2\/product\/3895","targetHints":{"allow":["GET"]}}],"collection":[{"href":"https:\/\/meca-remorque.com\/fr\/wp-json\/wp\/v2\/product"}],"about":[{"href":"https:\/\/meca-remorque.com\/fr\/wp-json\/wp\/v2\/types\/product"}],"replies":[{"embeddable":true,"href":"https:\/\/meca-remorque.com\/fr\/wp-json\/wp\/v2\/comments?post=3895"}],"version-history":[{"count":1,"href":"https:\/\/meca-remorque.com\/fr\/wp-json\/wp\/v2\/product\/3895\/revisions"}],"predecessor-version":[{"id":3927,"href":"https:\/\/meca-remorque.com\/fr\/wp-json\/wp\/v2\/product\/3895\/revisions\/3927"}],"wp:featuredmedia":[{"embeddable":true,"href":"https:\/\/meca-remorque.com\/fr\/wp-json\/wp\/v2\/media\/3926"}],"wp:attachment":[{"href":"https:\/\/meca-remorque.com\/fr\/wp-json\/wp\/v2\/media?parent=3895"}],"wp:term":[{"taxonomy":"product_brand","embeddable":true,"href":"https:\/\/meca-remorque.com\/fr\/wp-json\/wp\/v2\/product_brand?post=3895"},{"taxonomy":"product_cat","embeddable":true,"href":"https:\/\/meca-remorque.com\/fr\/wp-json\/wp\/v2\/product_cat?post=3895"},{"taxonomy":"product_tag","embeddable":true,"href":"https:\/\/meca-remorque.com\/fr\/wp-json\/wp\/v2\/product_tag?post=3895"}],"curies":[{"name":"wp","href":"https:\/\/api.w.org\/{rel}","templated":true}]}}