{"id":3896,"date":"2025-12-02T19:51:45","date_gmt":"2025-12-02T18:51:45","guid":{"rendered":"https:\/\/meca-remorque.com\/?post_type=product&#038;p=3896"},"modified":"2025-12-03T13:29:37","modified_gmt":"2025-12-03T12:29:37","slug":"vedkomfyr-family-35-antracite-black","status":"publish","type":"product","link":"https:\/\/meca-remorque.com\/fr\/produit\/vedkomfyr-family-35-antracite-black\/","title":{"rendered":"Vedkomfyr Family 3,5 Antracite Black"},"content":{"rendered":"","protected":false},"excerpt":{"rendered":"<p>Family er en stilfull og enkel vedkomfyr med emaljerte st\u00e5lplater. Stekeflaten har plass til flere kjeler og emaljert bakerovn p\u00e5 28 liter. D\u00f8rene har dobbelt glass med godt innsyn til flammene i brennkammeret. Stor praktisk skuff i bunnen for oppbevaring av ved eller kj\u00f8kkenutstyr.<\/p>","protected":false},"featured_media":3928,"comment_status":"open","ping_status":"closed","template":"","meta":[],"product_brand":[],"product_cat":[281,282,283],"product_tag":[],"class_list":{"0":"post-3896","1":"product","2":"type-product","3":"status-publish","4":"has-post-thumbnail","6":"product_cat-ovn","7":"product_cat-peisovner-og-vedovner","8":"product_cat-vedovn","10":"first","11":"instock","12":"shipping-taxable","13":"purchasable","14":"product-type-simple"},"_links":{"self":[{"href":"https:\/\/meca-remorque.com\/fr\/wp-json\/wp\/v2\/product\/3896","targetHints":{"allow":["GET"]}}],"collection":[{"href":"https:\/\/meca-remorque.com\/fr\/wp-json\/wp\/v2\/product"}],"about":[{"href":"https:\/\/meca-remorque.com\/fr\/wp-json\/wp\/v2\/types\/product"}],"replies":[{"embeddable":true,"href":"https:\/\/meca-remorque.com\/fr\/wp-json\/wp\/v2\/comments?post=3896"}],"version-history":[{"count":1,"href":"https:\/\/meca-remorque.com\/fr\/wp-json\/wp\/v2\/product\/3896\/revisions"}],"predecessor-version":[{"id":3929,"href":"https:\/\/meca-remorque.com\/fr\/wp-json\/wp\/v2\/product\/3896\/revisions\/3929"}],"wp:featuredmedia":[{"embeddable":true,"href":"https:\/\/meca-remorque.com\/fr\/wp-json\/wp\/v2\/media\/3928"}],"wp:attachment":[{"href":"https:\/\/meca-remorque.com\/fr\/wp-json\/wp\/v2\/media?parent=3896"}],"wp:term":[{"taxonomy":"product_brand","embeddable":true,"href":"https:\/\/meca-remorque.com\/fr\/wp-json\/wp\/v2\/product_brand?post=3896"},{"taxonomy":"product_cat","embeddable":true,"href":"https:\/\/meca-remorque.com\/fr\/wp-json\/wp\/v2\/product_cat?post=3896"},{"taxonomy":"product_tag","embeddable":true,"href":"https:\/\/meca-remorque.com\/fr\/wp-json\/wp\/v2\/product_tag?post=3896"}],"curies":[{"name":"wp","href":"https:\/\/api.w.org\/{rel}","templated":true}]}}