{"id":3899,"date":"2025-12-02T19:51:45","date_gmt":"2025-12-02T18:51:45","guid":{"rendered":"https:\/\/meca-remorque.com\/?post_type=product&#038;p=3899"},"modified":"2025-12-02T19:51:51","modified_gmt":"2025-12-02T18:51:51","slug":"nordpeis-geneve-p-hoy-med-n-29p","status":"publish","type":"product","link":"https:\/\/meca-remorque.com\/fr\/produit\/nordpeis-geneve-p-hoy-med-n-29p\/","title":{"rendered":"Nordpeis Geneve\u00a0P\u00a0H\u00f8y\u00a0med\u00a0N-29P"},"content":{"rendered":"","protected":false},"excerpt":{"rendered":"<p>Doble glass kombinert med IR Max-teknologi s\u00f8rger for at glassene holder seg rene, samtidig som det optimaliserer forbrenningsprosessen og lar deg justere varmeeffekten p\u00e5 en enkel m\u00e5te.<br \/>\nEr du p\u00e5 jakt etter en peis som skaper et imponerende blikkfang og garantert vil imponere middagsgjestene dine? Da er Gen\u00e8ve P High det perfekte valget for deg! Denne takh\u00f8ye peisen har en h\u00f8yt plassert innsats som virkelig setter stemningen og gir rommet et moderne og eksklusivt preg.<\/p>\n<p>B\u00e5de G\u00e8neve P og G\u00e8neve P High har integrert brannmur. Det betyr at du st\u00e5r helt fritt til \u00e5 plassere den direkte mot veggen eller bruke den som romdeler. Modellene har dessuten flere smarte detaljer, for eksempel den selvlukkende d\u00f8ren med stopp-funksjon. Dette gj\u00f8r det tryggere for deg \u00e5 fyre opp i peisen og fylle p\u00e5 med ved.<br \/>\nOg legger du til varmelagrende Powerstone\u2122, holder du lenge p\u00e5 varmen og kan glede deg over \u00e5 v\u00e5kne opp i et lunt hjem selv p\u00e5 kalde vintermorgener.<\/p>","protected":false},"featured_media":3934,"comment_status":"open","ping_status":"closed","template":"","meta":[],"product_brand":[],"product_cat":[278],"product_tag":[],"class_list":{"0":"post-3899","1":"product","2":"type-product","3":"status-publish","4":"has-post-thumbnail","6":"product_cat-peis","8":"first","9":"instock","10":"shipping-taxable","11":"purchasable","12":"product-type-simple"},"_links":{"self":[{"href":"https:\/\/meca-remorque.com\/fr\/wp-json\/wp\/v2\/product\/3899","targetHints":{"allow":["GET"]}}],"collection":[{"href":"https:\/\/meca-remorque.com\/fr\/wp-json\/wp\/v2\/product"}],"about":[{"href":"https:\/\/meca-remorque.com\/fr\/wp-json\/wp\/v2\/types\/product"}],"replies":[{"embeddable":true,"href":"https:\/\/meca-remorque.com\/fr\/wp-json\/wp\/v2\/comments?post=3899"}],"version-history":[{"count":1,"href":"https:\/\/meca-remorque.com\/fr\/wp-json\/wp\/v2\/product\/3899\/revisions"}],"predecessor-version":[{"id":3935,"href":"https:\/\/meca-remorque.com\/fr\/wp-json\/wp\/v2\/product\/3899\/revisions\/3935"}],"wp:featuredmedia":[{"embeddable":true,"href":"https:\/\/meca-remorque.com\/fr\/wp-json\/wp\/v2\/media\/3934"}],"wp:attachment":[{"href":"https:\/\/meca-remorque.com\/fr\/wp-json\/wp\/v2\/media?parent=3899"}],"wp:term":[{"taxonomy":"product_brand","embeddable":true,"href":"https:\/\/meca-remorque.com\/fr\/wp-json\/wp\/v2\/product_brand?post=3899"},{"taxonomy":"product_cat","embeddable":true,"href":"https:\/\/meca-remorque.com\/fr\/wp-json\/wp\/v2\/product_cat?post=3899"},{"taxonomy":"product_tag","embeddable":true,"href":"https:\/\/meca-remorque.com\/fr\/wp-json\/wp\/v2\/product_tag?post=3899"}],"curies":[{"name":"wp","href":"https:\/\/api.w.org\/{rel}","templated":true}]}}