{"id":3900,"date":"2025-12-02T19:51:45","date_gmt":"2025-12-02T18:51:45","guid":{"rendered":"https:\/\/meca-remorque.com\/?post_type=product&#038;p=3900"},"modified":"2025-12-02T19:51:52","modified_gmt":"2025-12-02T18:51:52","slug":"romotop-heat-r-corner-70-44-33-lyst-brennkammer-hr4sx-24","status":"publish","type":"product","link":"https:\/\/meca-remorque.com\/fr\/produit\/romotop-heat-r-corner-70-44-33-lyst-brennkammer-hr4sx-24\/","title":{"rendered":"Romotop Heat R corner 70.44.33 lyst brennkammer (HR4SX 24)"},"content":{"rendered":"","protected":false},"excerpt":{"rendered":"<p>HEAT er Romotops nyutviklede store peisinnsatser. Med Romotops posisjon, som en av Europas store peis og ildsted produsenter, ligger de helt i tet b\u00e5de i effektivitet, kvalitet og innovasjon.<br \/>\nHEAT R\/L S 70.44.33 er den mest kompakte utgaven av hj\u00f8rnepeiser fra Romotop uten heved\u00f8r. Her f\u00e5r du Romotop sitt ekslusive brennkammer til en meget hyggelig pris.<\/p>","protected":false},"featured_media":3937,"comment_status":"open","ping_status":"closed","template":"","meta":[],"product_brand":[],"product_cat":[277,278,279],"product_tag":[],"class_list":{"0":"post-3900","1":"product","2":"type-product","3":"status-publish","4":"has-post-thumbnail","6":"product_cat-innsats-med-glass-pa-2-side","7":"product_cat-peis","8":"product_cat-peisinnsatser","10":"first","11":"instock","12":"shipping-taxable","13":"purchasable","14":"product-type-simple"},"_links":{"self":[{"href":"https:\/\/meca-remorque.com\/fr\/wp-json\/wp\/v2\/product\/3900","targetHints":{"allow":["GET"]}}],"collection":[{"href":"https:\/\/meca-remorque.com\/fr\/wp-json\/wp\/v2\/product"}],"about":[{"href":"https:\/\/meca-remorque.com\/fr\/wp-json\/wp\/v2\/types\/product"}],"replies":[{"embeddable":true,"href":"https:\/\/meca-remorque.com\/fr\/wp-json\/wp\/v2\/comments?post=3900"}],"version-history":[{"count":1,"href":"https:\/\/meca-remorque.com\/fr\/wp-json\/wp\/v2\/product\/3900\/revisions"}],"predecessor-version":[{"id":3938,"href":"https:\/\/meca-remorque.com\/fr\/wp-json\/wp\/v2\/product\/3900\/revisions\/3938"}],"wp:featuredmedia":[{"embeddable":true,"href":"https:\/\/meca-remorque.com\/fr\/wp-json\/wp\/v2\/media\/3937"}],"wp:attachment":[{"href":"https:\/\/meca-remorque.com\/fr\/wp-json\/wp\/v2\/media?parent=3900"}],"wp:term":[{"taxonomy":"product_brand","embeddable":true,"href":"https:\/\/meca-remorque.com\/fr\/wp-json\/wp\/v2\/product_brand?post=3900"},{"taxonomy":"product_cat","embeddable":true,"href":"https:\/\/meca-remorque.com\/fr\/wp-json\/wp\/v2\/product_cat?post=3900"},{"taxonomy":"product_tag","embeddable":true,"href":"https:\/\/meca-remorque.com\/fr\/wp-json\/wp\/v2\/product_tag?post=3900"}],"curies":[{"name":"wp","href":"https:\/\/api.w.org\/{rel}","templated":true}]}}