{"id":3907,"date":"2025-12-02T19:51:46","date_gmt":"2025-12-02T18:51:46","guid":{"rendered":"https:\/\/meca-remorque.com\/?post_type=product&#038;p=3907"},"modified":"2025-12-02T19:51:57","modified_gmt":"2025-12-02T18:51:57","slug":"lotus-jubilee-10-wall","status":"publish","type":"product","link":"https:\/\/meca-remorque.com\/fr\/produit\/lotus-jubilee-10-wall\/","title":{"rendered":"Lotus Jubilee 10 wall"},"content":{"rendered":"","protected":false},"excerpt":{"rendered":"<p>Lotus Jubilee-serien tilbyr elegant design med moderne funksjonalitet. Jubilee Wall er en slank, veggmontert vedovn, kun 32 cm dyp, perfekt for \u00e5 skape en lys og luftig f\u00f8lelse i mindre rom. Tilgjengelig med en valgfri topp i kleberstein eller Indian Night, tilf\u00f8rer den b\u00e5de stil og funksjonalitet til moderne hjem.<\/p>","protected":false},"featured_media":3951,"comment_status":"open","ping_status":"closed","template":"","meta":[],"product_brand":[],"product_cat":[281,484],"product_tag":[],"class_list":{"0":"post-3907","1":"product","2":"type-product","3":"status-publish","4":"has-post-thumbnail","6":"product_cat-ovn","7":"product_cat-vegghengt","9":"first","10":"instock","11":"shipping-taxable","12":"purchasable","13":"product-type-simple"},"_links":{"self":[{"href":"https:\/\/meca-remorque.com\/fr\/wp-json\/wp\/v2\/product\/3907","targetHints":{"allow":["GET"]}}],"collection":[{"href":"https:\/\/meca-remorque.com\/fr\/wp-json\/wp\/v2\/product"}],"about":[{"href":"https:\/\/meca-remorque.com\/fr\/wp-json\/wp\/v2\/types\/product"}],"replies":[{"embeddable":true,"href":"https:\/\/meca-remorque.com\/fr\/wp-json\/wp\/v2\/comments?post=3907"}],"version-history":[{"count":1,"href":"https:\/\/meca-remorque.com\/fr\/wp-json\/wp\/v2\/product\/3907\/revisions"}],"predecessor-version":[{"id":3952,"href":"https:\/\/meca-remorque.com\/fr\/wp-json\/wp\/v2\/product\/3907\/revisions\/3952"}],"wp:featuredmedia":[{"embeddable":true,"href":"https:\/\/meca-remorque.com\/fr\/wp-json\/wp\/v2\/media\/3951"}],"wp:attachment":[{"href":"https:\/\/meca-remorque.com\/fr\/wp-json\/wp\/v2\/media?parent=3907"}],"wp:term":[{"taxonomy":"product_brand","embeddable":true,"href":"https:\/\/meca-remorque.com\/fr\/wp-json\/wp\/v2\/product_brand?post=3907"},{"taxonomy":"product_cat","embeddable":true,"href":"https:\/\/meca-remorque.com\/fr\/wp-json\/wp\/v2\/product_cat?post=3907"},{"taxonomy":"product_tag","embeddable":true,"href":"https:\/\/meca-remorque.com\/fr\/wp-json\/wp\/v2\/product_tag?post=3907"}],"curies":[{"name":"wp","href":"https:\/\/api.w.org\/{rel}","templated":true}]}}