{"id":3910,"date":"2025-12-02T19:51:46","date_gmt":"2025-12-02T18:51:46","guid":{"rendered":"https:\/\/meca-remorque.com\/?post_type=product&#038;p=3910"},"modified":"2025-12-02T19:51:59","modified_gmt":"2025-12-02T18:51:59","slug":"aduro-9-5","status":"publish","type":"product","link":"https:\/\/meca-remorque.com\/fr\/produit\/aduro-9-5\/","title":{"rendered":"Aduro 9.5"},"content":{"rendered":"","protected":false},"excerpt":{"rendered":"<p>M\u00e5let med Aduro 9.5 har v\u00e6rt \u00e5 skape en h\u00f8y ovn &#8211; p\u00e5 hele 120 cm &#8211; med et hevet brennkammer som gir en enklere betjening og et perfekt innblikk til flammene. Alle tre glass holdes rene av et effektiv ruteskyllesystem. Rommet under brennkammeret er ideelt til oppbevaring av ved og peistilbeh\u00f8r.<\/p>","protected":false},"featured_media":3958,"comment_status":"open","ping_status":"closed","template":"","meta":[],"product_brand":[],"product_cat":[281,282],"product_tag":[],"class_list":{"0":"post-3910","1":"product","2":"type-product","3":"status-publish","4":"has-post-thumbnail","6":"product_cat-ovn","7":"product_cat-peisovner-og-vedovner","9":"first","10":"instock","11":"shipping-taxable","12":"purchasable","13":"product-type-simple"},"_links":{"self":[{"href":"https:\/\/meca-remorque.com\/fr\/wp-json\/wp\/v2\/product\/3910","targetHints":{"allow":["GET"]}}],"collection":[{"href":"https:\/\/meca-remorque.com\/fr\/wp-json\/wp\/v2\/product"}],"about":[{"href":"https:\/\/meca-remorque.com\/fr\/wp-json\/wp\/v2\/types\/product"}],"replies":[{"embeddable":true,"href":"https:\/\/meca-remorque.com\/fr\/wp-json\/wp\/v2\/comments?post=3910"}],"version-history":[{"count":1,"href":"https:\/\/meca-remorque.com\/fr\/wp-json\/wp\/v2\/product\/3910\/revisions"}],"predecessor-version":[{"id":3959,"href":"https:\/\/meca-remorque.com\/fr\/wp-json\/wp\/v2\/product\/3910\/revisions\/3959"}],"wp:featuredmedia":[{"embeddable":true,"href":"https:\/\/meca-remorque.com\/fr\/wp-json\/wp\/v2\/media\/3958"}],"wp:attachment":[{"href":"https:\/\/meca-remorque.com\/fr\/wp-json\/wp\/v2\/media?parent=3910"}],"wp:term":[{"taxonomy":"product_brand","embeddable":true,"href":"https:\/\/meca-remorque.com\/fr\/wp-json\/wp\/v2\/product_brand?post=3910"},{"taxonomy":"product_cat","embeddable":true,"href":"https:\/\/meca-remorque.com\/fr\/wp-json\/wp\/v2\/product_cat?post=3910"},{"taxonomy":"product_tag","embeddable":true,"href":"https:\/\/meca-remorque.com\/fr\/wp-json\/wp\/v2\/product_tag?post=3910"}],"curies":[{"name":"wp","href":"https:\/\/api.w.org\/{rel}","templated":true}]}}