{"id":3914,"date":"2025-12-02T19:51:46","date_gmt":"2025-12-02T18:51:46","guid":{"rendered":"https:\/\/meca-remorque.com\/?post_type=product&#038;p=3914"},"modified":"2025-12-02T19:52:01","modified_gmt":"2025-12-02T18:52:01","slug":"aduro-22","status":"publish","type":"product","link":"https:\/\/meca-remorque.com\/fr\/produit\/aduro-22\/","title":{"rendered":"Aduro 22"},"content":{"rendered":"","protected":false},"excerpt":{"rendered":"<p>Aduro 22 er en slank og elegant ovn som passer perfekt inn p\u00e5 trange steder grunnet sitt beskjedne dybdem\u00e5l. Det buede glasset og de myke, organiske linjene f\u00f8rer blikket direkte mot flammene. Andre karakteristiske trekk ved ovnen er de minimalistiske h\u00e5ndtakene, det praktiske oppbevaringsrommet med tilh\u00f8rende d\u00f8r og ovnens svevende uttrykk som skyldes den smale sokkelen.<\/p>","protected":false},"featured_media":3966,"comment_status":"open","ping_status":"closed","template":"","meta":[],"product_brand":[],"product_cat":[281,282],"product_tag":[],"class_list":{"0":"post-3914","1":"product","2":"type-product","3":"status-publish","4":"has-post-thumbnail","6":"product_cat-ovn","7":"product_cat-peisovner-og-vedovner","9":"first","10":"instock","11":"shipping-taxable","12":"purchasable","13":"product-type-simple"},"_links":{"self":[{"href":"https:\/\/meca-remorque.com\/fr\/wp-json\/wp\/v2\/product\/3914","targetHints":{"allow":["GET"]}}],"collection":[{"href":"https:\/\/meca-remorque.com\/fr\/wp-json\/wp\/v2\/product"}],"about":[{"href":"https:\/\/meca-remorque.com\/fr\/wp-json\/wp\/v2\/types\/product"}],"replies":[{"embeddable":true,"href":"https:\/\/meca-remorque.com\/fr\/wp-json\/wp\/v2\/comments?post=3914"}],"version-history":[{"count":1,"href":"https:\/\/meca-remorque.com\/fr\/wp-json\/wp\/v2\/product\/3914\/revisions"}],"predecessor-version":[{"id":3967,"href":"https:\/\/meca-remorque.com\/fr\/wp-json\/wp\/v2\/product\/3914\/revisions\/3967"}],"wp:featuredmedia":[{"embeddable":true,"href":"https:\/\/meca-remorque.com\/fr\/wp-json\/wp\/v2\/media\/3966"}],"wp:attachment":[{"href":"https:\/\/meca-remorque.com\/fr\/wp-json\/wp\/v2\/media?parent=3914"}],"wp:term":[{"taxonomy":"product_brand","embeddable":true,"href":"https:\/\/meca-remorque.com\/fr\/wp-json\/wp\/v2\/product_brand?post=3914"},{"taxonomy":"product_cat","embeddable":true,"href":"https:\/\/meca-remorque.com\/fr\/wp-json\/wp\/v2\/product_cat?post=3914"},{"taxonomy":"product_tag","embeddable":true,"href":"https:\/\/meca-remorque.com\/fr\/wp-json\/wp\/v2\/product_tag?post=3914"}],"curies":[{"name":"wp","href":"https:\/\/api.w.org\/{rel}","templated":true}]}}