{"id":3918,"date":"2025-12-02T19:51:47","date_gmt":"2025-12-02T18:51:47","guid":{"rendered":"https:\/\/meca-remorque.com\/?post_type=product&#038;p=3918"},"modified":"2025-12-02T19:52:03","modified_gmt":"2025-12-02T18:52:03","slug":"aduro-22-4-lux","status":"publish","type":"product","link":"https:\/\/meca-remorque.com\/fr\/produit\/aduro-22-4-lux\/","title":{"rendered":"Aduro 22.4 Lux"},"content":{"rendered":"","protected":false},"excerpt":{"rendered":"<p>Den vegghengte Aduro 22.4 Lux er en elegant og svevende peisovn. Karakteristisk for denne modellen er den store og buede d\u00f8ren i svart glass og de integrerte h\u00e5ndtakene. Det er disse elementene som gir ovnen det eksklusive uttrykket. I tillegg fremhever sideglassene flammene p\u00e5 den beste m\u00e5ten, og gir ogs\u00e5 180 graders innsyn til flammene.<\/p>","protected":false},"featured_media":3974,"comment_status":"open","ping_status":"closed","template":"","meta":[],"product_brand":[],"product_cat":[281,282,484],"product_tag":[],"class_list":{"0":"post-3918","1":"product","2":"type-product","3":"status-publish","4":"has-post-thumbnail","6":"product_cat-ovn","7":"product_cat-peisovner-og-vedovner","8":"product_cat-vegghengt","10":"first","11":"instock","12":"shipping-taxable","13":"purchasable","14":"product-type-simple"},"_links":{"self":[{"href":"https:\/\/meca-remorque.com\/fr\/wp-json\/wp\/v2\/product\/3918","targetHints":{"allow":["GET"]}}],"collection":[{"href":"https:\/\/meca-remorque.com\/fr\/wp-json\/wp\/v2\/product"}],"about":[{"href":"https:\/\/meca-remorque.com\/fr\/wp-json\/wp\/v2\/types\/product"}],"replies":[{"embeddable":true,"href":"https:\/\/meca-remorque.com\/fr\/wp-json\/wp\/v2\/comments?post=3918"}],"version-history":[{"count":1,"href":"https:\/\/meca-remorque.com\/fr\/wp-json\/wp\/v2\/product\/3918\/revisions"}],"predecessor-version":[{"id":3975,"href":"https:\/\/meca-remorque.com\/fr\/wp-json\/wp\/v2\/product\/3918\/revisions\/3975"}],"wp:featuredmedia":[{"embeddable":true,"href":"https:\/\/meca-remorque.com\/fr\/wp-json\/wp\/v2\/media\/3974"}],"wp:attachment":[{"href":"https:\/\/meca-remorque.com\/fr\/wp-json\/wp\/v2\/media?parent=3918"}],"wp:term":[{"taxonomy":"product_brand","embeddable":true,"href":"https:\/\/meca-remorque.com\/fr\/wp-json\/wp\/v2\/product_brand?post=3918"},{"taxonomy":"product_cat","embeddable":true,"href":"https:\/\/meca-remorque.com\/fr\/wp-json\/wp\/v2\/product_cat?post=3918"},{"taxonomy":"product_tag","embeddable":true,"href":"https:\/\/meca-remorque.com\/fr\/wp-json\/wp\/v2\/product_tag?post=3918"}],"curies":[{"name":"wp","href":"https:\/\/api.w.org\/{rel}","templated":true}]}}