{"id":3921,"date":"2025-12-02T19:51:47","date_gmt":"2025-12-02T18:51:47","guid":{"rendered":"https:\/\/meca-remorque.com\/?post_type=product&#038;p=3921"},"modified":"2025-12-02T19:52:07","modified_gmt":"2025-12-02T18:52:07","slug":"nordpeis-praha-shapestone-light-med-innsats-n-21u-exclusive-sort","status":"publish","type":"product","link":"https:\/\/meca-remorque.com\/fr\/produit\/nordpeis-praha-shapestone-light-med-innsats-n-21u-exclusive-sort\/","title":{"rendered":"Nordpeis Praha ShapeStone Light med innsats N-21U exclusive sort"},"content":{"rendered":"","protected":false},"excerpt":{"rendered":"<p>Nordpeis Praha er en enkel og stilren peis. Peisen har innsyn til flammene fra tre sider og med en tilh\u00f8rende dekorativ vednisje i front, fremst\u00e5r den komplett i all sin enkelhet. Praha har en integrert brannmur som gj\u00f8r at den kan plasseres rett mot en vegg av brennbart materiale. Velg ekstra toppelement dersom du \u00f8nsker en takh\u00f8y peis.<\/p>","protected":false},"featured_media":3980,"comment_status":"open","ping_status":"closed","template":"","meta":[],"product_brand":[],"product_cat":[278],"product_tag":[],"class_list":{"0":"post-3921","1":"product","2":"type-product","3":"status-publish","4":"has-post-thumbnail","6":"product_cat-peis","8":"first","9":"instock","10":"shipping-taxable","11":"purchasable","12":"product-type-simple"},"_links":{"self":[{"href":"https:\/\/meca-remorque.com\/fr\/wp-json\/wp\/v2\/product\/3921","targetHints":{"allow":["GET"]}}],"collection":[{"href":"https:\/\/meca-remorque.com\/fr\/wp-json\/wp\/v2\/product"}],"about":[{"href":"https:\/\/meca-remorque.com\/fr\/wp-json\/wp\/v2\/types\/product"}],"replies":[{"embeddable":true,"href":"https:\/\/meca-remorque.com\/fr\/wp-json\/wp\/v2\/comments?post=3921"}],"version-history":[{"count":1,"href":"https:\/\/meca-remorque.com\/fr\/wp-json\/wp\/v2\/product\/3921\/revisions"}],"predecessor-version":[{"id":3981,"href":"https:\/\/meca-remorque.com\/fr\/wp-json\/wp\/v2\/product\/3921\/revisions\/3981"}],"wp:featuredmedia":[{"embeddable":true,"href":"https:\/\/meca-remorque.com\/fr\/wp-json\/wp\/v2\/media\/3980"}],"wp:attachment":[{"href":"https:\/\/meca-remorque.com\/fr\/wp-json\/wp\/v2\/media?parent=3921"}],"wp:term":[{"taxonomy":"product_brand","embeddable":true,"href":"https:\/\/meca-remorque.com\/fr\/wp-json\/wp\/v2\/product_brand?post=3921"},{"taxonomy":"product_cat","embeddable":true,"href":"https:\/\/meca-remorque.com\/fr\/wp-json\/wp\/v2\/product_cat?post=3921"},{"taxonomy":"product_tag","embeddable":true,"href":"https:\/\/meca-remorque.com\/fr\/wp-json\/wp\/v2\/product_tag?post=3921"}],"curies":[{"name":"wp","href":"https:\/\/api.w.org\/{rel}","templated":true}]}}