{"id":3923,"date":"2025-12-02T19:51:47","date_gmt":"2025-12-02T18:51:47","guid":{"rendered":"https:\/\/meca-remorque.com\/?post_type=product&#038;p=3923"},"modified":"2025-12-02T19:52:18","modified_gmt":"2025-12-02T18:52:18","slug":"nordpeis-odense-med-innsats-s-31a","status":"publish","type":"product","link":"https:\/\/meca-remorque.com\/fr\/produit\/nordpeis-odense-med-innsats-s-31a\/","title":{"rendered":"Nordpeis Odense med innsats S-31A"},"content":{"rendered":"","protected":false},"excerpt":{"rendered":"<p>Nordpeis Odense er en smal peis som tar liten gulvplass. Den kan plasseres frittst\u00e5ende, p\u00e5 rettvegg og i hj\u00f8rne. Odense har vinkelinnsats slik at du har innsyn til flammene fra to sider i rommet, og en dekorativ og praktisk vednisje.<\/p>","protected":false},"featured_media":4013,"comment_status":"open","ping_status":"closed","template":"","meta":[],"product_brand":[],"product_cat":[278],"product_tag":[],"class_list":{"0":"post-3923","1":"product","2":"type-product","3":"status-publish","4":"has-post-thumbnail","6":"product_cat-peis","8":"first","9":"instock","10":"shipping-taxable","11":"purchasable","12":"product-type-simple"},"_links":{"self":[{"href":"https:\/\/meca-remorque.com\/fr\/wp-json\/wp\/v2\/product\/3923","targetHints":{"allow":["GET"]}}],"collection":[{"href":"https:\/\/meca-remorque.com\/fr\/wp-json\/wp\/v2\/product"}],"about":[{"href":"https:\/\/meca-remorque.com\/fr\/wp-json\/wp\/v2\/types\/product"}],"replies":[{"embeddable":true,"href":"https:\/\/meca-remorque.com\/fr\/wp-json\/wp\/v2\/comments?post=3923"}],"version-history":[{"count":1,"href":"https:\/\/meca-remorque.com\/fr\/wp-json\/wp\/v2\/product\/3923\/revisions"}],"predecessor-version":[{"id":4014,"href":"https:\/\/meca-remorque.com\/fr\/wp-json\/wp\/v2\/product\/3923\/revisions\/4014"}],"wp:featuredmedia":[{"embeddable":true,"href":"https:\/\/meca-remorque.com\/fr\/wp-json\/wp\/v2\/media\/4013"}],"wp:attachment":[{"href":"https:\/\/meca-remorque.com\/fr\/wp-json\/wp\/v2\/media?parent=3923"}],"wp:term":[{"taxonomy":"product_brand","embeddable":true,"href":"https:\/\/meca-remorque.com\/fr\/wp-json\/wp\/v2\/product_brand?post=3923"},{"taxonomy":"product_cat","embeddable":true,"href":"https:\/\/meca-remorque.com\/fr\/wp-json\/wp\/v2\/product_cat?post=3923"},{"taxonomy":"product_tag","embeddable":true,"href":"https:\/\/meca-remorque.com\/fr\/wp-json\/wp\/v2\/product_tag?post=3923"}],"curies":[{"name":"wp","href":"https:\/\/api.w.org\/{rel}","templated":true}]}}