{"id":3984,"date":"2025-12-02T19:52:11","date_gmt":"2025-12-02T18:52:11","guid":{"rendered":"https:\/\/meca-remorque.com\/?post_type=product&#038;p=3984"},"modified":"2025-12-02T19:52:26","modified_gmt":"2025-12-02T18:52:26","slug":"nordpeis-s-31a-exclusive","status":"publish","type":"product","link":"https:\/\/meca-remorque.com\/fr\/produit\/nordpeis-s-31a-exclusive\/","title":{"rendered":"Nordpeis S-31A Exclusive"},"content":{"rendered":"","protected":false},"excerpt":{"rendered":"<p>S-31A Exclusive er en vinkelinnsats med store og utenp\u00e5liggende glass. Glasset i innsatsen er uten skj\u00f8ter og i tillegg er innsatsen vinklet slik at du f\u00e5r innsyn til flammene fra to sider i rommet. For at det skal v\u00e6re trygt og enkelt \u00e5 legge i ved har innsatsen et kaldh\u00e5ndtak i soft touch-finish, som ikke blir varmt under fyring. Innsiden av innsatsen er kledd i Nordpeis egenutviklede Thermotte isolasjonsplater, som er sterke og meget isolerende, og i tillegg har de et lyst og delikat utseende.<\/p>","protected":false},"featured_media":4021,"comment_status":"open","ping_status":"closed","template":"","meta":[],"product_brand":[],"product_cat":[277,278,279],"product_tag":[],"class_list":{"0":"post-3984","1":"product","2":"type-product","3":"status-publish","4":"has-post-thumbnail","6":"product_cat-innsats-med-glass-pa-2-side","7":"product_cat-peis","8":"product_cat-peisinnsatser","10":"first","11":"instock","12":"shipping-taxable","13":"purchasable","14":"product-type-simple"},"_links":{"self":[{"href":"https:\/\/meca-remorque.com\/fr\/wp-json\/wp\/v2\/product\/3984","targetHints":{"allow":["GET"]}}],"collection":[{"href":"https:\/\/meca-remorque.com\/fr\/wp-json\/wp\/v2\/product"}],"about":[{"href":"https:\/\/meca-remorque.com\/fr\/wp-json\/wp\/v2\/types\/product"}],"replies":[{"embeddable":true,"href":"https:\/\/meca-remorque.com\/fr\/wp-json\/wp\/v2\/comments?post=3984"}],"version-history":[{"count":1,"href":"https:\/\/meca-remorque.com\/fr\/wp-json\/wp\/v2\/product\/3984\/revisions"}],"predecessor-version":[{"id":4022,"href":"https:\/\/meca-remorque.com\/fr\/wp-json\/wp\/v2\/product\/3984\/revisions\/4022"}],"wp:featuredmedia":[{"embeddable":true,"href":"https:\/\/meca-remorque.com\/fr\/wp-json\/wp\/v2\/media\/4021"}],"wp:attachment":[{"href":"https:\/\/meca-remorque.com\/fr\/wp-json\/wp\/v2\/media?parent=3984"}],"wp:term":[{"taxonomy":"product_brand","embeddable":true,"href":"https:\/\/meca-remorque.com\/fr\/wp-json\/wp\/v2\/product_brand?post=3984"},{"taxonomy":"product_cat","embeddable":true,"href":"https:\/\/meca-remorque.com\/fr\/wp-json\/wp\/v2\/product_cat?post=3984"},{"taxonomy":"product_tag","embeddable":true,"href":"https:\/\/meca-remorque.com\/fr\/wp-json\/wp\/v2\/product_tag?post=3984"}],"curies":[{"name":"wp","href":"https:\/\/api.w.org\/{rel}","templated":true}]}}