{"id":3987,"date":"2025-12-02T19:52:11","date_gmt":"2025-12-02T18:52:11","guid":{"rendered":"https:\/\/meca-remorque.com\/?post_type=product&#038;p=3987"},"modified":"2025-12-02T19:52:40","modified_gmt":"2025-12-02T18:52:40","slug":"nordpeis-you-wall-med-firewall-og-mork-thermotte","status":"publish","type":"product","link":"https:\/\/meca-remorque.com\/fr\/produit\/nordpeis-you-wall-med-firewall-og-mork-thermotte\/","title":{"rendered":"Nordpeis YoU\u00a0Wall\u00a0med\u00a0firewall\u00a0og\u00a0m\u00f8rk\u00a0thermotte"},"content":{"rendered":"","protected":false},"excerpt":{"rendered":"<p>Nordpeis YoU Wall er en lekker, vegghengt vedovn. Med sine rene linjer og myke former skaper den et helt personlig uttrykk i rommet. Designet med tanke p\u00e5 b\u00e5de varme og estetikk, tar denne ovnen oppvarming til nye h\u00f8yder. Med Nordpeis YoU Wall f\u00e5r du mer enn bare en vedovn \u2013 du f\u00e5r et praktisk og stilfullt tillegg til ditt hjem, og enkel vedfyring med\u00a0Nordpeis SmartFire. Den enkle, men sofistikerte designet gj\u00f8r det til et ideelt valg for deg som \u00f8nsker b\u00e5de funksjonalitet og estetikk i ett. \u00ad<\/p>","protected":false},"featured_media":4036,"comment_status":"open","ping_status":"closed","template":"","meta":[],"product_brand":[],"product_cat":[281,484],"product_tag":[],"class_list":{"0":"post-3987","1":"product","2":"type-product","3":"status-publish","4":"has-post-thumbnail","6":"product_cat-ovn","7":"product_cat-vegghengt","9":"first","10":"instock","11":"shipping-taxable","12":"purchasable","13":"product-type-simple"},"_links":{"self":[{"href":"https:\/\/meca-remorque.com\/fr\/wp-json\/wp\/v2\/product\/3987","targetHints":{"allow":["GET"]}}],"collection":[{"href":"https:\/\/meca-remorque.com\/fr\/wp-json\/wp\/v2\/product"}],"about":[{"href":"https:\/\/meca-remorque.com\/fr\/wp-json\/wp\/v2\/types\/product"}],"replies":[{"embeddable":true,"href":"https:\/\/meca-remorque.com\/fr\/wp-json\/wp\/v2\/comments?post=3987"}],"version-history":[{"count":1,"href":"https:\/\/meca-remorque.com\/fr\/wp-json\/wp\/v2\/product\/3987\/revisions"}],"predecessor-version":[{"id":4037,"href":"https:\/\/meca-remorque.com\/fr\/wp-json\/wp\/v2\/product\/3987\/revisions\/4037"}],"wp:featuredmedia":[{"embeddable":true,"href":"https:\/\/meca-remorque.com\/fr\/wp-json\/wp\/v2\/media\/4036"}],"wp:attachment":[{"href":"https:\/\/meca-remorque.com\/fr\/wp-json\/wp\/v2\/media?parent=3987"}],"wp:term":[{"taxonomy":"product_brand","embeddable":true,"href":"https:\/\/meca-remorque.com\/fr\/wp-json\/wp\/v2\/product_brand?post=3987"},{"taxonomy":"product_cat","embeddable":true,"href":"https:\/\/meca-remorque.com\/fr\/wp-json\/wp\/v2\/product_cat?post=3987"},{"taxonomy":"product_tag","embeddable":true,"href":"https:\/\/meca-remorque.com\/fr\/wp-json\/wp\/v2\/product_tag?post=3987"}],"curies":[{"name":"wp","href":"https:\/\/api.w.org\/{rel}","templated":true}]}}