{"id":3989,"date":"2025-12-02T19:52:12","date_gmt":"2025-12-02T18:52:12","guid":{"rendered":"https:\/\/meca-remorque.com\/?post_type=product&#038;p=3989"},"modified":"2025-12-02T19:52:47","modified_gmt":"2025-12-02T18:52:47","slug":"nordpeis-you-steel-med-mork-thermotte","status":"publish","type":"product","link":"https:\/\/meca-remorque.com\/fr\/produit\/nordpeis-you-steel-med-mork-thermotte\/","title":{"rendered":"Nordpeis YoU\u00a0Steel\u00a0med\u00a0m\u00f8rk\u00a0thermotte"},"content":{"rendered":"","protected":false},"excerpt":{"rendered":"<p>\u00d8nsker du varme og estetikk i ett? Da er YoU Steel et godt alternativ. Med sitt slanke design i rene linjer og avrundede kanter tilf\u00f8rer YoU Steel et vakkert designelement til ethvert interi\u00f8r. You Steel har praktiske l\u00f8sninger som selvlukkende d\u00f8r, integrert askeskuff og\u00a0Nordpeis SmartFire\u00a0for en behagelig fyringsopplevelse. Den har et h\u00f8yt brennkammer med store glassflater som gir deg et imponerende flammebilde til tross for at den krever lite plass i rommet. Med myke former omslutter den flammene og forener det praktiske og estetiske i en funksjonell harmoni. YoU Steel tilbys ogs\u00e5 med h\u00f8y topp for varmelagrende effekt med\u00a0PowerStone\u2122.<\/p>","protected":false},"featured_media":4041,"comment_status":"open","ping_status":"closed","template":"","meta":[],"product_brand":[],"product_cat":[281,282],"product_tag":[],"class_list":{"0":"post-3989","1":"product","2":"type-product","3":"status-publish","4":"has-post-thumbnail","6":"product_cat-ovn","7":"product_cat-peisovner-og-vedovner","9":"first","10":"instock","11":"shipping-taxable","12":"purchasable","13":"product-type-simple"},"_links":{"self":[{"href":"https:\/\/meca-remorque.com\/fr\/wp-json\/wp\/v2\/product\/3989","targetHints":{"allow":["GET"]}}],"collection":[{"href":"https:\/\/meca-remorque.com\/fr\/wp-json\/wp\/v2\/product"}],"about":[{"href":"https:\/\/meca-remorque.com\/fr\/wp-json\/wp\/v2\/types\/product"}],"replies":[{"embeddable":true,"href":"https:\/\/meca-remorque.com\/fr\/wp-json\/wp\/v2\/comments?post=3989"}],"version-history":[{"count":1,"href":"https:\/\/meca-remorque.com\/fr\/wp-json\/wp\/v2\/product\/3989\/revisions"}],"predecessor-version":[{"id":4042,"href":"https:\/\/meca-remorque.com\/fr\/wp-json\/wp\/v2\/product\/3989\/revisions\/4042"}],"wp:featuredmedia":[{"embeddable":true,"href":"https:\/\/meca-remorque.com\/fr\/wp-json\/wp\/v2\/media\/4041"}],"wp:attachment":[{"href":"https:\/\/meca-remorque.com\/fr\/wp-json\/wp\/v2\/media?parent=3989"}],"wp:term":[{"taxonomy":"product_brand","embeddable":true,"href":"https:\/\/meca-remorque.com\/fr\/wp-json\/wp\/v2\/product_brand?post=3989"},{"taxonomy":"product_cat","embeddable":true,"href":"https:\/\/meca-remorque.com\/fr\/wp-json\/wp\/v2\/product_cat?post=3989"},{"taxonomy":"product_tag","embeddable":true,"href":"https:\/\/meca-remorque.com\/fr\/wp-json\/wp\/v2\/product_tag?post=3989"}],"curies":[{"name":"wp","href":"https:\/\/api.w.org\/{rel}","templated":true}]}}