{"id":3994,"date":"2025-12-02T19:52:12","date_gmt":"2025-12-02T18:52:12","guid":{"rendered":"https:\/\/meca-remorque.com\/?post_type=product&#038;p=3994"},"modified":"2025-12-02T19:52:59","modified_gmt":"2025-12-02T18:52:59","slug":"nordpeis-duo-2-dv-ny","status":"publish","type":"product","link":"https:\/\/meca-remorque.com\/fr\/produit\/nordpeis-duo-2-dv-ny\/","title":{"rendered":"Nordpeis Duo\u00a02\u00a0DV\u00a0NY"},"content":{"rendered":"","protected":false},"excerpt":{"rendered":"<p>Nordpeis Duo 2 DV er en moderne vedovn med stor glassd\u00f8r og sideglass. Med DV-l\u00f8sningen kan vi tilby en av markedets mest stilrene l\u00f8sninger for nyere boliger med ekstra behov for tilluft. Duo 2 DV variantene har ingen synlig tilluftskanal og enkel montering.<\/p>","protected":false},"featured_media":4052,"comment_status":"open","ping_status":"closed","template":"","meta":[],"product_brand":[],"product_cat":[281,282],"product_tag":[],"class_list":{"0":"post-3994","1":"product","2":"type-product","3":"status-publish","4":"has-post-thumbnail","6":"product_cat-ovn","7":"product_cat-peisovner-og-vedovner","9":"first","10":"instock","11":"shipping-taxable","12":"purchasable","13":"product-type-simple"},"_links":{"self":[{"href":"https:\/\/meca-remorque.com\/fr\/wp-json\/wp\/v2\/product\/3994","targetHints":{"allow":["GET"]}}],"collection":[{"href":"https:\/\/meca-remorque.com\/fr\/wp-json\/wp\/v2\/product"}],"about":[{"href":"https:\/\/meca-remorque.com\/fr\/wp-json\/wp\/v2\/types\/product"}],"replies":[{"embeddable":true,"href":"https:\/\/meca-remorque.com\/fr\/wp-json\/wp\/v2\/comments?post=3994"}],"version-history":[{"count":1,"href":"https:\/\/meca-remorque.com\/fr\/wp-json\/wp\/v2\/product\/3994\/revisions"}],"predecessor-version":[{"id":4053,"href":"https:\/\/meca-remorque.com\/fr\/wp-json\/wp\/v2\/product\/3994\/revisions\/4053"}],"wp:featuredmedia":[{"embeddable":true,"href":"https:\/\/meca-remorque.com\/fr\/wp-json\/wp\/v2\/media\/4052"}],"wp:attachment":[{"href":"https:\/\/meca-remorque.com\/fr\/wp-json\/wp\/v2\/media?parent=3994"}],"wp:term":[{"taxonomy":"product_brand","embeddable":true,"href":"https:\/\/meca-remorque.com\/fr\/wp-json\/wp\/v2\/product_brand?post=3994"},{"taxonomy":"product_cat","embeddable":true,"href":"https:\/\/meca-remorque.com\/fr\/wp-json\/wp\/v2\/product_cat?post=3994"},{"taxonomy":"product_tag","embeddable":true,"href":"https:\/\/meca-remorque.com\/fr\/wp-json\/wp\/v2\/product_tag?post=3994"}],"curies":[{"name":"wp","href":"https:\/\/api.w.org\/{rel}","templated":true}]}}