{"id":3995,"date":"2025-12-02T19:52:12","date_gmt":"2025-12-02T18:52:12","guid":{"rendered":"https:\/\/meca-remorque.com\/?post_type=product&#038;p=3995"},"modified":"2025-12-02T19:53:07","modified_gmt":"2025-12-02T18:53:07","slug":"nordpeis-origo-exclusive-colorado","status":"publish","type":"product","link":"https:\/\/meca-remorque.com\/fr\/produit\/nordpeis-origo-exclusive-colorado\/","title":{"rendered":"Nordpeis Origo Exclusive Colorado"},"content":{"rendered":"","protected":false},"excerpt":{"rendered":"<p>Origo Colorado Exclusive har et stilrent design som gj\u00f8r at den passer inn overalt, men den er langt ifra kjedelig av den grunn. Vedovnen er laget i v\u00e5r spesialutviklede Colorado-betong som gir den en unik overflate med et vakkert fargespill \u2013 b\u00e5de moderne og tidl\u00f8st p\u00e5 \u00e9n gang. Du som verdsetter smarte l\u00f8sninger, vil heller ikke bli skuffet: Integrert askeskuff og selvlukkende d\u00f8r er bare noen av finessene som Origo Colorado Exclusive kan by p\u00e5.<\/p>","protected":false},"featured_media":4063,"comment_status":"open","ping_status":"closed","template":"","meta":[],"product_brand":[],"product_cat":[281,282],"product_tag":[],"class_list":{"0":"post-3995","1":"product","2":"type-product","3":"status-publish","4":"has-post-thumbnail","6":"product_cat-ovn","7":"product_cat-peisovner-og-vedovner","9":"first","10":"instock","11":"shipping-taxable","12":"purchasable","13":"product-type-simple"},"_links":{"self":[{"href":"https:\/\/meca-remorque.com\/fr\/wp-json\/wp\/v2\/product\/3995","targetHints":{"allow":["GET"]}}],"collection":[{"href":"https:\/\/meca-remorque.com\/fr\/wp-json\/wp\/v2\/product"}],"about":[{"href":"https:\/\/meca-remorque.com\/fr\/wp-json\/wp\/v2\/types\/product"}],"replies":[{"embeddable":true,"href":"https:\/\/meca-remorque.com\/fr\/wp-json\/wp\/v2\/comments?post=3995"}],"version-history":[{"count":1,"href":"https:\/\/meca-remorque.com\/fr\/wp-json\/wp\/v2\/product\/3995\/revisions"}],"predecessor-version":[{"id":4064,"href":"https:\/\/meca-remorque.com\/fr\/wp-json\/wp\/v2\/product\/3995\/revisions\/4064"}],"wp:featuredmedia":[{"embeddable":true,"href":"https:\/\/meca-remorque.com\/fr\/wp-json\/wp\/v2\/media\/4063"}],"wp:attachment":[{"href":"https:\/\/meca-remorque.com\/fr\/wp-json\/wp\/v2\/media?parent=3995"}],"wp:term":[{"taxonomy":"product_brand","embeddable":true,"href":"https:\/\/meca-remorque.com\/fr\/wp-json\/wp\/v2\/product_brand?post=3995"},{"taxonomy":"product_cat","embeddable":true,"href":"https:\/\/meca-remorque.com\/fr\/wp-json\/wp\/v2\/product_cat?post=3995"},{"taxonomy":"product_tag","embeddable":true,"href":"https:\/\/meca-remorque.com\/fr\/wp-json\/wp\/v2\/product_tag?post=3995"}],"curies":[{"name":"wp","href":"https:\/\/api.w.org\/{rel}","templated":true}]}}