{"id":3999,"date":"2025-12-02T19:52:12","date_gmt":"2025-12-02T18:52:12","guid":{"rendered":"https:\/\/meca-remorque.com\/?post_type=product&#038;p=3999"},"modified":"2025-12-02T19:53:16","modified_gmt":"2025-12-02T18:53:16","slug":"nordpeis-me-wall-med-brannmursplate-med-sideglass","status":"publish","type":"product","link":"https:\/\/meca-remorque.com\/fr\/produit\/nordpeis-me-wall-med-brannmursplate-med-sideglass\/","title":{"rendered":"Nordpeis Me Wall med brannmursplate, med sideglass"},"content":{"rendered":"","protected":false},"excerpt":{"rendered":"<p>Me Oak er en unik vedovn, b\u00e5de i utformingen og fordi den er produsert i bare 300 eksemplarer. Det runde brennkammeret hviler p\u00e5 en base som er kledd i eik. Det er montert en nummerplakett nederst p\u00e5 basen som markerer nummeret i den eksklusive \u00abLimited Edition\u00bb serien. Brennkammeret finnes b\u00e5de med og uten sideglass. Sideglasset gj\u00f8r flammen synlig fra flere vinkler. Me Oak leveres i ubehandlet eik som gir deg muligheten til \u00e5 behandle den enten med n\u00f8ytral eller pigmentert olje.<\/p>","protected":false},"featured_media":4072,"comment_status":"open","ping_status":"closed","template":"","meta":[],"product_brand":[],"product_cat":[281,282,484],"product_tag":[],"class_list":{"0":"post-3999","1":"product","2":"type-product","3":"status-publish","4":"has-post-thumbnail","6":"product_cat-ovn","7":"product_cat-peisovner-og-vedovner","8":"product_cat-vegghengt","10":"first","11":"instock","12":"shipping-taxable","13":"purchasable","14":"product-type-simple"},"_links":{"self":[{"href":"https:\/\/meca-remorque.com\/fr\/wp-json\/wp\/v2\/product\/3999","targetHints":{"allow":["GET"]}}],"collection":[{"href":"https:\/\/meca-remorque.com\/fr\/wp-json\/wp\/v2\/product"}],"about":[{"href":"https:\/\/meca-remorque.com\/fr\/wp-json\/wp\/v2\/types\/product"}],"replies":[{"embeddable":true,"href":"https:\/\/meca-remorque.com\/fr\/wp-json\/wp\/v2\/comments?post=3999"}],"version-history":[{"count":1,"href":"https:\/\/meca-remorque.com\/fr\/wp-json\/wp\/v2\/product\/3999\/revisions"}],"predecessor-version":[{"id":4073,"href":"https:\/\/meca-remorque.com\/fr\/wp-json\/wp\/v2\/product\/3999\/revisions\/4073"}],"wp:featuredmedia":[{"embeddable":true,"href":"https:\/\/meca-remorque.com\/fr\/wp-json\/wp\/v2\/media\/4072"}],"wp:attachment":[{"href":"https:\/\/meca-remorque.com\/fr\/wp-json\/wp\/v2\/media?parent=3999"}],"wp:term":[{"taxonomy":"product_brand","embeddable":true,"href":"https:\/\/meca-remorque.com\/fr\/wp-json\/wp\/v2\/product_brand?post=3999"},{"taxonomy":"product_cat","embeddable":true,"href":"https:\/\/meca-remorque.com\/fr\/wp-json\/wp\/v2\/product_cat?post=3999"},{"taxonomy":"product_tag","embeddable":true,"href":"https:\/\/meca-remorque.com\/fr\/wp-json\/wp\/v2\/product_tag?post=3999"}],"curies":[{"name":"wp","href":"https:\/\/api.w.org\/{rel}","templated":true}]}}