{"id":4001,"date":"2025-12-02T19:52:12","date_gmt":"2025-12-02T18:52:12","guid":{"rendered":"https:\/\/meca-remorque.com\/?post_type=product&#038;p=4001"},"modified":"2025-12-02T19:53:19","modified_gmt":"2025-12-02T18:53:19","slug":"nordpeis-me-oak-med-sideglass-limited-edition","status":"publish","type":"product","link":"https:\/\/meca-remorque.com\/fr\/produit\/nordpeis-me-oak-med-sideglass-limited-edition\/","title":{"rendered":"Nordpeis Me Oak med sideglass &#8211; LIMITED EDITION"},"content":{"rendered":"","protected":false},"excerpt":{"rendered":"<p>Me Oak er en unik vedovn, b\u00e5de i utformingen og fordi den er produsert i bare 300 eksemplarer. Det runde brennkammeret hviler p\u00e5 en base som er kledd i eik. Det er montert en nummerplakett nederst p\u00e5 basen som markerer nummeret i den eksklusive \u00abLimited Edition\u00bb serien. Brennkammeret finnes b\u00e5de med og uten sideglass. Sideglasset gj\u00f8r flammen synlig fra flere vinkler. Me Oak leveres i ubehandlet eik som gir deg muligheten til \u00e5 behandle den enten med n\u00f8ytral eller pigmentert olje.<\/p>","protected":false},"featured_media":4076,"comment_status":"open","ping_status":"closed","template":"","meta":[],"product_brand":[],"product_cat":[281,282],"product_tag":[],"class_list":{"0":"post-4001","1":"product","2":"type-product","3":"status-publish","4":"has-post-thumbnail","6":"product_cat-ovn","7":"product_cat-peisovner-og-vedovner","9":"first","10":"instock","11":"shipping-taxable","12":"purchasable","13":"product-type-simple"},"_links":{"self":[{"href":"https:\/\/meca-remorque.com\/fr\/wp-json\/wp\/v2\/product\/4001","targetHints":{"allow":["GET"]}}],"collection":[{"href":"https:\/\/meca-remorque.com\/fr\/wp-json\/wp\/v2\/product"}],"about":[{"href":"https:\/\/meca-remorque.com\/fr\/wp-json\/wp\/v2\/types\/product"}],"replies":[{"embeddable":true,"href":"https:\/\/meca-remorque.com\/fr\/wp-json\/wp\/v2\/comments?post=4001"}],"version-history":[{"count":1,"href":"https:\/\/meca-remorque.com\/fr\/wp-json\/wp\/v2\/product\/4001\/revisions"}],"predecessor-version":[{"id":4077,"href":"https:\/\/meca-remorque.com\/fr\/wp-json\/wp\/v2\/product\/4001\/revisions\/4077"}],"wp:featuredmedia":[{"embeddable":true,"href":"https:\/\/meca-remorque.com\/fr\/wp-json\/wp\/v2\/media\/4076"}],"wp:attachment":[{"href":"https:\/\/meca-remorque.com\/fr\/wp-json\/wp\/v2\/media?parent=4001"}],"wp:term":[{"taxonomy":"product_brand","embeddable":true,"href":"https:\/\/meca-remorque.com\/fr\/wp-json\/wp\/v2\/product_brand?post=4001"},{"taxonomy":"product_cat","embeddable":true,"href":"https:\/\/meca-remorque.com\/fr\/wp-json\/wp\/v2\/product_cat?post=4001"},{"taxonomy":"product_tag","embeddable":true,"href":"https:\/\/meca-remorque.com\/fr\/wp-json\/wp\/v2\/product_tag?post=4001"}],"curies":[{"name":"wp","href":"https:\/\/api.w.org\/{rel}","templated":true}]}}