{"id":4003,"date":"2025-12-02T19:52:12","date_gmt":"2025-12-02T18:52:12","guid":{"rendered":"https:\/\/meca-remorque.com\/?post_type=product&#038;p=4003"},"modified":"2025-12-02T19:53:22","modified_gmt":"2025-12-02T18:53:22","slug":"nordpeis-quadro-colorado-white-exclusive-high","status":"publish","type":"product","link":"https:\/\/meca-remorque.com\/fr\/produit\/nordpeis-quadro-colorado-white-exclusive-high\/","title":{"rendered":"Nordpeis Quadro Colorado White Exclusive High"},"content":{"rendered":"","protected":false},"excerpt":{"rendered":"<p>Quadro-serien er kjent for de rette og moderne linjene og at de kan plasseres b\u00e5de mot en rett vegg og ogs\u00e5 i hj\u00f8rnet. Quadro Colorado Exclusive er st\u00f8pt i en gjennomfarget spesialbetong med en ferdig vokset og polert overflate. Det er ogs\u00e5 formet smale riller i betongen som er inspirert av vinterens linjer og som gir peisen et s\u00e6rpreg.<\/p>","protected":false},"featured_media":4080,"comment_status":"open","ping_status":"closed","template":"","meta":[],"product_brand":[],"product_cat":[281,282],"product_tag":[],"class_list":{"0":"post-4003","1":"product","2":"type-product","3":"status-publish","4":"has-post-thumbnail","6":"product_cat-ovn","7":"product_cat-peisovner-og-vedovner","9":"first","10":"instock","11":"shipping-taxable","12":"purchasable","13":"product-type-simple"},"_links":{"self":[{"href":"https:\/\/meca-remorque.com\/fr\/wp-json\/wp\/v2\/product\/4003","targetHints":{"allow":["GET"]}}],"collection":[{"href":"https:\/\/meca-remorque.com\/fr\/wp-json\/wp\/v2\/product"}],"about":[{"href":"https:\/\/meca-remorque.com\/fr\/wp-json\/wp\/v2\/types\/product"}],"replies":[{"embeddable":true,"href":"https:\/\/meca-remorque.com\/fr\/wp-json\/wp\/v2\/comments?post=4003"}],"version-history":[{"count":1,"href":"https:\/\/meca-remorque.com\/fr\/wp-json\/wp\/v2\/product\/4003\/revisions"}],"predecessor-version":[{"id":4081,"href":"https:\/\/meca-remorque.com\/fr\/wp-json\/wp\/v2\/product\/4003\/revisions\/4081"}],"wp:featuredmedia":[{"embeddable":true,"href":"https:\/\/meca-remorque.com\/fr\/wp-json\/wp\/v2\/media\/4080"}],"wp:attachment":[{"href":"https:\/\/meca-remorque.com\/fr\/wp-json\/wp\/v2\/media?parent=4003"}],"wp:term":[{"taxonomy":"product_brand","embeddable":true,"href":"https:\/\/meca-remorque.com\/fr\/wp-json\/wp\/v2\/product_brand?post=4003"},{"taxonomy":"product_cat","embeddable":true,"href":"https:\/\/meca-remorque.com\/fr\/wp-json\/wp\/v2\/product_cat?post=4003"},{"taxonomy":"product_tag","embeddable":true,"href":"https:\/\/meca-remorque.com\/fr\/wp-json\/wp\/v2\/product_tag?post=4003"}],"curies":[{"name":"wp","href":"https:\/\/api.w.org\/{rel}","templated":true}]}}