{"id":4004,"date":"2025-12-02T19:52:12","date_gmt":"2025-12-02T18:52:12","guid":{"rendered":"https:\/\/meca-remorque.com\/?post_type=product&#038;p=4004"},"modified":"2025-12-02T19:53:26","modified_gmt":"2025-12-02T18:53:26","slug":"nordpeis-duo-6-for-toppmontering","status":"publish","type":"product","link":"https:\/\/meca-remorque.com\/fr\/produit\/nordpeis-duo-6-for-toppmontering\/","title":{"rendered":"Nordpeis Duo 6 for toppmontering"},"content":{"rendered":"","protected":false},"excerpt":{"rendered":"<p>Nordpeis Duo 6 har topp og sider dekket med spesielt utvalgt kleberstein. Den tradisjonelle kleberstenen gir vedovnen et elegant utseende og i sokkelen har den et praktisk rom med d\u00f8r. Denne vedovnen tar liten gulvplass og passer godt b\u00e5de i hj\u00f8rnet, p\u00e5 rettvegg og fritt i rommet. Luftspyling av glassene og et lyst brennkammer gir et ekstra delikat flammebilde. Vedovnen har mulighet for ekstern luftstilf\u00f8rsel som b\u00f8r benyttes i velisolerte, tette boliger.<\/p>","protected":false},"featured_media":4082,"comment_status":"open","ping_status":"closed","template":"","meta":[],"product_brand":[],"product_cat":[281,282],"product_tag":[],"class_list":{"0":"post-4004","1":"product","2":"type-product","3":"status-publish","4":"has-post-thumbnail","6":"product_cat-ovn","7":"product_cat-peisovner-og-vedovner","9":"first","10":"instock","11":"shipping-taxable","12":"purchasable","13":"product-type-simple"},"_links":{"self":[{"href":"https:\/\/meca-remorque.com\/fr\/wp-json\/wp\/v2\/product\/4004","targetHints":{"allow":["GET"]}}],"collection":[{"href":"https:\/\/meca-remorque.com\/fr\/wp-json\/wp\/v2\/product"}],"about":[{"href":"https:\/\/meca-remorque.com\/fr\/wp-json\/wp\/v2\/types\/product"}],"replies":[{"embeddable":true,"href":"https:\/\/meca-remorque.com\/fr\/wp-json\/wp\/v2\/comments?post=4004"}],"version-history":[{"count":1,"href":"https:\/\/meca-remorque.com\/fr\/wp-json\/wp\/v2\/product\/4004\/revisions"}],"predecessor-version":[{"id":4083,"href":"https:\/\/meca-remorque.com\/fr\/wp-json\/wp\/v2\/product\/4004\/revisions\/4083"}],"wp:featuredmedia":[{"embeddable":true,"href":"https:\/\/meca-remorque.com\/fr\/wp-json\/wp\/v2\/media\/4082"}],"wp:attachment":[{"href":"https:\/\/meca-remorque.com\/fr\/wp-json\/wp\/v2\/media?parent=4004"}],"wp:term":[{"taxonomy":"product_brand","embeddable":true,"href":"https:\/\/meca-remorque.com\/fr\/wp-json\/wp\/v2\/product_brand?post=4004"},{"taxonomy":"product_cat","embeddable":true,"href":"https:\/\/meca-remorque.com\/fr\/wp-json\/wp\/v2\/product_cat?post=4004"},{"taxonomy":"product_tag","embeddable":true,"href":"https:\/\/meca-remorque.com\/fr\/wp-json\/wp\/v2\/product_tag?post=4004"}],"curies":[{"name":"wp","href":"https:\/\/api.w.org\/{rel}","templated":true}]}}