{"id":4009,"date":"2025-12-02T19:52:13","date_gmt":"2025-12-02T18:52:13","guid":{"rendered":"https:\/\/meca-remorque.com\/?post_type=product&#038;p=4009"},"modified":"2025-12-02T19:53:38","modified_gmt":"2025-12-02T18:53:38","slug":"nordpeis-wave-t-wide-33-inkl-n-29t","status":"publish","type":"product","link":"https:\/\/meca-remorque.com\/fr\/produit\/nordpeis-wave-t-wide-33-inkl-n-29t\/","title":{"rendered":"Nordpeis Wave\u00a0T\u00a0Wide\u00a03+3\u00a0inkl\u00a0N-29T"},"content":{"rendered":"","protected":false},"excerpt":{"rendered":"<p>Wave T Wide blir et naturlig midtpunkt i rommet, med en tunnelinnsats som gj\u00f8r at den kan plasseres midt i rommet og brukes som en dekorativ og stemningsskapende romdeler. Den unike, b\u00f8lgete overflaten gir peisen et spennende uttrykk som endrer seg med lyset. Mal peisen i fargen som passer til ditt hjem og din stil, og la den bli en lekker del av interi\u00f8ret. En ekstra stor innsats gir godt innsyn til flammene og har gjennomsyn, slik at du kan se peisb\u00e5let uansett hvor i rommet du er. P\u00e5 de h\u00f8yeste modellene kan du legge til en varmelagrende Powerstone\u2122. Dermed holder du lenger p\u00e5 varmen og \u00f8ker virkningsgraden betraktelig.<\/p>","protected":false},"featured_media":4101,"comment_status":"open","ping_status":"closed","template":"","meta":[],"product_brand":[],"product_cat":[278],"product_tag":[],"class_list":{"0":"post-4009","1":"product","2":"type-product","3":"status-publish","4":"has-post-thumbnail","6":"product_cat-peis","8":"first","9":"instock","10":"shipping-taxable","11":"purchasable","12":"product-type-simple"},"_links":{"self":[{"href":"https:\/\/meca-remorque.com\/fr\/wp-json\/wp\/v2\/product\/4009","targetHints":{"allow":["GET"]}}],"collection":[{"href":"https:\/\/meca-remorque.com\/fr\/wp-json\/wp\/v2\/product"}],"about":[{"href":"https:\/\/meca-remorque.com\/fr\/wp-json\/wp\/v2\/types\/product"}],"replies":[{"embeddable":true,"href":"https:\/\/meca-remorque.com\/fr\/wp-json\/wp\/v2\/comments?post=4009"}],"version-history":[{"count":1,"href":"https:\/\/meca-remorque.com\/fr\/wp-json\/wp\/v2\/product\/4009\/revisions"}],"predecessor-version":[{"id":4102,"href":"https:\/\/meca-remorque.com\/fr\/wp-json\/wp\/v2\/product\/4009\/revisions\/4102"}],"wp:featuredmedia":[{"embeddable":true,"href":"https:\/\/meca-remorque.com\/fr\/wp-json\/wp\/v2\/media\/4101"}],"wp:attachment":[{"href":"https:\/\/meca-remorque.com\/fr\/wp-json\/wp\/v2\/media?parent=4009"}],"wp:term":[{"taxonomy":"product_brand","embeddable":true,"href":"https:\/\/meca-remorque.com\/fr\/wp-json\/wp\/v2\/product_brand?post=4009"},{"taxonomy":"product_cat","embeddable":true,"href":"https:\/\/meca-remorque.com\/fr\/wp-json\/wp\/v2\/product_cat?post=4009"},{"taxonomy":"product_tag","embeddable":true,"href":"https:\/\/meca-remorque.com\/fr\/wp-json\/wp\/v2\/product_tag?post=4009"}],"curies":[{"name":"wp","href":"https:\/\/api.w.org\/{rel}","templated":true}]}}