{"id":4031,"date":"2025-12-02T19:52:36","date_gmt":"2025-12-02T18:52:36","guid":{"rendered":"https:\/\/meca-remorque.com\/?post_type=product&#038;p=4031"},"modified":"2025-12-02T19:53:42","modified_gmt":"2025-12-02T18:53:42","slug":"romotop-cara-cn-03-stal-no","status":"publish","type":"product","link":"https:\/\/meca-remorque.com\/fr\/produit\/romotop-cara-cn-03-stal-no\/","title":{"rendered":"Romotop Cara CN 03 St\u00e5l NO"},"content":{"rendered":"","protected":false},"excerpt":{"rendered":"<p>Unik balanse mellom levende flammer, estetikk og teknologi. Cara C N 03 designpeis med varmelagring og heved\u00f8r passer perfekt inn i moderne arkitektur og interi\u00f8r. Smakfult balanserte proporsjoner, rene linjer og innsyn til flammene fra tre sider burde tilfredstille de mest krevende designkrav.<br \/>\nHeved\u00f8r med Easy Lift og Soft close. D\u00f8ren beveger seg usedvanlig stille og mykt med nyutviklet presist rullesystem<br \/>\nMulighet for varmelagringsstein over brennkammeret<br \/>\nAvgir varme i lang tid<br \/>\nDobbeltisolert bakvegg muliggj\u00f8r plassering tett inntill vegg<br \/>\nSlank og plasseringsvennlig design<br \/>\nDekorativ st\u00e5loverflate<br \/>\nRomotop DOUBLE SPIN r\u00f8ykgassystem<br \/>\nBrennkammer uten askerist. Askerist og askeskuff kan leveres p\u00e5 foresp\u00f8rsel<br \/>\nBrennkammerkledning i ekte ildfast stein (Chamotte)<br \/>\nEn hendel regulerer b\u00e5de prim\u00e6r og sekund\u00e6rluft<br \/>\nTerti\u00e6rluftinntak<br \/>\nCAI (central air intake)<br \/>\nBygd med kvalitetsmaterialer og etter h\u00f8y teknisk standard<br \/>\nVarmelagringsstein p\u00e5 foresp\u00f8rsel<br \/>\nGodkjent etter NS 3058\/3059 og EN 13 240<\/p>","protected":false},"featured_media":4107,"comment_status":"open","ping_status":"closed","template":"","meta":[],"product_brand":[],"product_cat":[278],"product_tag":[],"class_list":{"0":"post-4031","1":"product","2":"type-product","3":"status-publish","4":"has-post-thumbnail","6":"product_cat-peis","8":"first","9":"instock","10":"shipping-taxable","11":"purchasable","12":"product-type-simple"},"_links":{"self":[{"href":"https:\/\/meca-remorque.com\/fr\/wp-json\/wp\/v2\/product\/4031","targetHints":{"allow":["GET"]}}],"collection":[{"href":"https:\/\/meca-remorque.com\/fr\/wp-json\/wp\/v2\/product"}],"about":[{"href":"https:\/\/meca-remorque.com\/fr\/wp-json\/wp\/v2\/types\/product"}],"replies":[{"embeddable":true,"href":"https:\/\/meca-remorque.com\/fr\/wp-json\/wp\/v2\/comments?post=4031"}],"version-history":[{"count":1,"href":"https:\/\/meca-remorque.com\/fr\/wp-json\/wp\/v2\/product\/4031\/revisions"}],"predecessor-version":[{"id":4108,"href":"https:\/\/meca-remorque.com\/fr\/wp-json\/wp\/v2\/product\/4031\/revisions\/4108"}],"wp:featuredmedia":[{"embeddable":true,"href":"https:\/\/meca-remorque.com\/fr\/wp-json\/wp\/v2\/media\/4107"}],"wp:attachment":[{"href":"https:\/\/meca-remorque.com\/fr\/wp-json\/wp\/v2\/media?parent=4031"}],"wp:term":[{"taxonomy":"product_brand","embeddable":true,"href":"https:\/\/meca-remorque.com\/fr\/wp-json\/wp\/v2\/product_brand?post=4031"},{"taxonomy":"product_cat","embeddable":true,"href":"https:\/\/meca-remorque.com\/fr\/wp-json\/wp\/v2\/product_cat?post=4031"},{"taxonomy":"product_tag","embeddable":true,"href":"https:\/\/meca-remorque.com\/fr\/wp-json\/wp\/v2\/product_tag?post=4031"}],"curies":[{"name":"wp","href":"https:\/\/api.w.org\/{rel}","templated":true}]}}