{"id":4033,"date":"2025-12-02T19:52:36","date_gmt":"2025-12-02T18:52:36","guid":{"rendered":"https:\/\/meca-remorque.com\/?post_type=product&#038;p=4033"},"modified":"2025-12-03T13:29:37","modified_gmt":"2025-12-03T12:29:37","slug":"vedkomfyr-la-nordica-rosa-sinistra-reverse-petra-venstre","status":"publish","type":"product","link":"https:\/\/meca-remorque.com\/fr\/produit\/vedkomfyr-la-nordica-rosa-sinistra-reverse-petra-venstre\/","title":{"rendered":"Vedkomfyr La Nordica Rosa Sinistra Reverse Petra- Venstre"},"content":{"rendered":"","protected":false},"excerpt":{"rendered":"<p>Nordica Rosa Petra venstre speilvendt<br \/>\nRosa\u00a0vedfyrt kj\u00f8kkenkomfyr er en nostalgisk vedkomfyr med moderne fyringsegenskaper. Komfyren har ringer i topplaten, brennkammer av st\u00f8pejern, varmeskap under stekeovn, askeskuff og vedskuff i bunnen. Rosa leveres i tre forskjellige farger, Petra (stein), Bordeaux og Pergamena.<br \/>\nEn vedkomfyr med ekstra stort brennkammer og r\u00f8ykutl\u00f8p p\u00e5 venstre side.<\/p>","protected":false},"featured_media":4112,"comment_status":"open","ping_status":"closed","template":"","meta":[],"product_brand":[],"product_cat":[281,282,283],"product_tag":[],"class_list":{"0":"post-4033","1":"product","2":"type-product","3":"status-publish","4":"has-post-thumbnail","6":"product_cat-ovn","7":"product_cat-peisovner-og-vedovner","8":"product_cat-vedovn","10":"first","11":"instock","12":"shipping-taxable","13":"purchasable","14":"product-type-simple"},"_links":{"self":[{"href":"https:\/\/meca-remorque.com\/fr\/wp-json\/wp\/v2\/product\/4033","targetHints":{"allow":["GET"]}}],"collection":[{"href":"https:\/\/meca-remorque.com\/fr\/wp-json\/wp\/v2\/product"}],"about":[{"href":"https:\/\/meca-remorque.com\/fr\/wp-json\/wp\/v2\/types\/product"}],"replies":[{"embeddable":true,"href":"https:\/\/meca-remorque.com\/fr\/wp-json\/wp\/v2\/comments?post=4033"}],"version-history":[{"count":1,"href":"https:\/\/meca-remorque.com\/fr\/wp-json\/wp\/v2\/product\/4033\/revisions"}],"predecessor-version":[{"id":4113,"href":"https:\/\/meca-remorque.com\/fr\/wp-json\/wp\/v2\/product\/4033\/revisions\/4113"}],"wp:featuredmedia":[{"embeddable":true,"href":"https:\/\/meca-remorque.com\/fr\/wp-json\/wp\/v2\/media\/4112"}],"wp:attachment":[{"href":"https:\/\/meca-remorque.com\/fr\/wp-json\/wp\/v2\/media?parent=4033"}],"wp:term":[{"taxonomy":"product_brand","embeddable":true,"href":"https:\/\/meca-remorque.com\/fr\/wp-json\/wp\/v2\/product_brand?post=4033"},{"taxonomy":"product_cat","embeddable":true,"href":"https:\/\/meca-remorque.com\/fr\/wp-json\/wp\/v2\/product_cat?post=4033"},{"taxonomy":"product_tag","embeddable":true,"href":"https:\/\/meca-remorque.com\/fr\/wp-json\/wp\/v2\/product_tag?post=4033"}],"curies":[{"name":"wp","href":"https:\/\/api.w.org\/{rel}","templated":true}]}}