{"id":4035,"date":"2025-12-02T19:52:36","date_gmt":"2025-12-02T18:52:36","guid":{"rendered":"https:\/\/meca-remorque.com\/?post_type=product&#038;p=4035"},"modified":"2025-12-03T13:29:36","modified_gmt":"2025-12-03T12:29:36","slug":"mbs-vedkomfyr-magnum-kleber-uttak-venstre","status":"publish","type":"product","link":"https:\/\/meca-remorque.com\/fr\/produit\/mbs-vedkomfyr-magnum-kleber-uttak-venstre\/","title":{"rendered":"MBS Vedkomfyr Magnum kleber, uttak venstre"},"content":{"rendered":"","protected":false},"excerpt":{"rendered":"<p>R\u00f8ykuttak venstre<br \/>\n&nbsp;<br \/>\nMagnum C kj\u00f8kkenkomfyr er en nostalgisk vedkomfyr med moderne fyringsegenskaper. Komfyren har stekeplate (som kan fjernes) i topplaten, brennkammer av st\u00f8pejern, varmeskap under stekeovn, askeskuff og vedskuff i bunnen.<br \/>\nStekeovnen er p\u00e5 35 cm(B) x 27 cm(h) x 47 cm(D), og det f\u00f8lger det med 1 emaljert langpanne.<br \/>\nVedfyrte kj\u00f8kkenkomfyrer fra seljordvarme.no passer perfekt p\u00e5 et stort g\u00e5rdskj\u00f8kken eller p\u00e5 hytta. Med sine moderne fyringsegenskaper egner de seg utmerket som varmekilde i tillegg til at man kan lage mat p\u00e5 den. Ovnen leveres b\u00e5de som venstre og h\u00f8yre modell. Vennligst oppgi dette med bestilling. Ovnen er testet etter EN 12815, Ildsted beregnet for matlaging.<br \/>\nOm du fyller ut\u00a0ildstedguiden, s\u00e5 kan vi hjelpe deg med \u00e5 velge de riktige delene for montering. \u00d8nsker du st\u00e5lpipe, har vi et stort utvalg av\u00a0st\u00e5lpipepakker, og du kan f\u00e5 hjelp til \u00e5 finne riktig pakke\u00a0her\u00a0<br \/>\nFor alle vedkomfyrer til MBS, leveres det med et service-kit. Dette inneholder en forbedret ventil for luftregulering, slik at luftmengden kan reduseres\/stenges utover det som er fra fabrikanten. Kittet inneholder ogs\u00e5 en tube med keramisk lim for ev utberdringer av d\u00f8rpakninger som ev. brenner seg fast i ovn og l\u00f8sner. For ovner levert f\u00f8r 2020 (uten delt topplate) kan\u00a0dette tilbeh\u00f8ret\u00a0kj\u00f8pes i v\u00e5r nettbutikk.<\/p>","protected":false},"featured_media":4116,"comment_status":"open","ping_status":"closed","template":"","meta":[],"product_brand":[],"product_cat":[281,282,283],"product_tag":[],"class_list":{"0":"post-4035","1":"product","2":"type-product","3":"status-publish","4":"has-post-thumbnail","6":"product_cat-ovn","7":"product_cat-peisovner-og-vedovner","8":"product_cat-vedovn","10":"first","11":"instock","12":"shipping-taxable","13":"purchasable","14":"product-type-simple"},"_links":{"self":[{"href":"https:\/\/meca-remorque.com\/fr\/wp-json\/wp\/v2\/product\/4035","targetHints":{"allow":["GET"]}}],"collection":[{"href":"https:\/\/meca-remorque.com\/fr\/wp-json\/wp\/v2\/product"}],"about":[{"href":"https:\/\/meca-remorque.com\/fr\/wp-json\/wp\/v2\/types\/product"}],"replies":[{"embeddable":true,"href":"https:\/\/meca-remorque.com\/fr\/wp-json\/wp\/v2\/comments?post=4035"}],"version-history":[{"count":1,"href":"https:\/\/meca-remorque.com\/fr\/wp-json\/wp\/v2\/product\/4035\/revisions"}],"predecessor-version":[{"id":4117,"href":"https:\/\/meca-remorque.com\/fr\/wp-json\/wp\/v2\/product\/4035\/revisions\/4117"}],"wp:featuredmedia":[{"embeddable":true,"href":"https:\/\/meca-remorque.com\/fr\/wp-json\/wp\/v2\/media\/4116"}],"wp:attachment":[{"href":"https:\/\/meca-remorque.com\/fr\/wp-json\/wp\/v2\/media?parent=4035"}],"wp:term":[{"taxonomy":"product_brand","embeddable":true,"href":"https:\/\/meca-remorque.com\/fr\/wp-json\/wp\/v2\/product_brand?post=4035"},{"taxonomy":"product_cat","embeddable":true,"href":"https:\/\/meca-remorque.com\/fr\/wp-json\/wp\/v2\/product_cat?post=4035"},{"taxonomy":"product_tag","embeddable":true,"href":"https:\/\/meca-remorque.com\/fr\/wp-json\/wp\/v2\/product_tag?post=4035"}],"curies":[{"name":"wp","href":"https:\/\/api.w.org\/{rel}","templated":true}]}}