{"id":4058,"date":"2025-12-02T19:53:03","date_gmt":"2025-12-02T18:53:03","guid":{"rendered":"https:\/\/meca-remorque.com\/?post_type=product&#038;p=4058"},"modified":"2025-12-02T19:53:55","modified_gmt":"2025-12-02T18:53:55","slug":"romotop-lera-c-gh-10-keramikk","status":"publish","type":"product","link":"https:\/\/meca-remorque.com\/fr\/produit\/romotop-lera-c-gh-10-keramikk\/","title":{"rendered":"Romotop Lera C GH 10 keramikk"},"content":{"rendered":"","protected":false},"excerpt":{"rendered":"<p>Lera C GH 10 i keramikk \u2013 h\u00f8y designpeis med svingd\u00f8r<br \/>\n&nbsp;<br \/>\nLERA C\u00a0designpeiser kombinerer moderne design, minimalistisk utseende og funksjonalitet. Med glass p\u00e5 tre sider gir et unikt innsyn til flammene fra alle vinkler, s\u00e5 atmosf\u00e6ren av varme og komfort spres til hele rommet.<br \/>\nLERA C\u00a0produseres i to h\u00f8ydevarianter &#8211; den lave versjonen\u00a0LERA C G\u00a0og den h\u00f8yere versjonen\u00a0LERA C GH, med mulighet for varmelagringsstein. De doble sidevinduene og schamottestein i brennkammeret bidrar til en optimal forbrenningsprosess.<br \/>\nPeisd\u00f8ren med side\u00e5pning betjenes med et elegant integrert h\u00e5ndtak. Enkel betjening av forbrenningsluften med ett kontrollelement.<br \/>\nForvarmet luftspyling av glasset forhindrer tilsoting av glasset i ovnsd\u00f8ren, noe som gj\u00f8r vedlikeholdet betydelig enklere. Peisen er utstyrt med ekstern lufttilf\u00f8rsel (EAI), som sikrer effektiv forbrenning og \u00f8ker driftssikkerheten.<br \/>\nLERA\u00a0kommer i tre utgaver: keramiske fliser i flere farger, kleberstein eller lakkerte metallplater.<br \/>\nLERA-ovnen er utstyrt med DOUBLE SPIN r\u00f8ykgasskanalsystem, som \u00f8ker effektiviteten, optimerer forbrenningen og bidrar til lavere utslipp, noe som betyr gr\u00f8nnere og mer \u00f8konomisk drift. Lera oppfyller de strengeste milj\u00f8kravene satt av EU-kommisjonens Ecodesign-direktiv.<\/p>","protected":false},"featured_media":4142,"comment_status":"open","ping_status":"closed","template":"","meta":[],"product_brand":[],"product_cat":[278],"product_tag":[],"class_list":{"0":"post-4058","1":"product","2":"type-product","3":"status-publish","4":"has-post-thumbnail","6":"product_cat-peis","8":"first","9":"instock","10":"shipping-taxable","11":"purchasable","12":"product-type-simple"},"_links":{"self":[{"href":"https:\/\/meca-remorque.com\/fr\/wp-json\/wp\/v2\/product\/4058","targetHints":{"allow":["GET"]}}],"collection":[{"href":"https:\/\/meca-remorque.com\/fr\/wp-json\/wp\/v2\/product"}],"about":[{"href":"https:\/\/meca-remorque.com\/fr\/wp-json\/wp\/v2\/types\/product"}],"replies":[{"embeddable":true,"href":"https:\/\/meca-remorque.com\/fr\/wp-json\/wp\/v2\/comments?post=4058"}],"version-history":[{"count":1,"href":"https:\/\/meca-remorque.com\/fr\/wp-json\/wp\/v2\/product\/4058\/revisions"}],"predecessor-version":[{"id":4143,"href":"https:\/\/meca-remorque.com\/fr\/wp-json\/wp\/v2\/product\/4058\/revisions\/4143"}],"wp:featuredmedia":[{"embeddable":true,"href":"https:\/\/meca-remorque.com\/fr\/wp-json\/wp\/v2\/media\/4142"}],"wp:attachment":[{"href":"https:\/\/meca-remorque.com\/fr\/wp-json\/wp\/v2\/media?parent=4058"}],"wp:term":[{"taxonomy":"product_brand","embeddable":true,"href":"https:\/\/meca-remorque.com\/fr\/wp-json\/wp\/v2\/product_brand?post=4058"},{"taxonomy":"product_cat","embeddable":true,"href":"https:\/\/meca-remorque.com\/fr\/wp-json\/wp\/v2\/product_cat?post=4058"},{"taxonomy":"product_tag","embeddable":true,"href":"https:\/\/meca-remorque.com\/fr\/wp-json\/wp\/v2\/product_tag?post=4058"}],"curies":[{"name":"wp","href":"https:\/\/api.w.org\/{rel}","templated":true}]}}