{"id":4059,"date":"2025-12-02T19:53:03","date_gmt":"2025-12-02T18:53:03","guid":{"rendered":"https:\/\/meca-remorque.com\/?post_type=product&#038;p=4059"},"modified":"2025-12-02T19:53:58","modified_gmt":"2025-12-02T18:53:58","slug":"nordpeis-q-34ul-ny-lys-thermotte","status":"publish","type":"product","link":"https:\/\/meca-remorque.com\/fr\/produit\/nordpeis-q-34ul-ny-lys-thermotte\/","title":{"rendered":"Nordpeis Q-34UL\u00a0NY\u00a0lys\u00a0thermotte"},"content":{"rendered":"","protected":false},"excerpt":{"rendered":"<p>Nordpeis Q-34UL er en stor innsats med en ekslusiv heve-\/senked\u00f8r og innsyn til flammene fra tre sider. Innsatsen har n\u00f8ye utpr\u00f8vd forbrenningsteknikk, luftspyling av glasset og et velisolert brennkammer med Thermotte. Q-innsatsene tar vedlengde helt opp til 50 cm, gir mye varme og anbefales for st\u00f8rre rom. Alle nordpeis sine innsatser er rentbrennende for maksimal utnyttelse av veden.<\/p>","protected":false},"featured_media":4144,"comment_status":"open","ping_status":"closed","template":"","meta":[],"product_brand":[],"product_cat":[285,279],"product_tag":[],"class_list":{"0":"post-4059","1":"product","2":"type-product","3":"status-publish","4":"has-post-thumbnail","6":"product_cat-innsats-med-glass-pa-3-side","7":"product_cat-peisinnsatser","9":"first","10":"instock","11":"shipping-taxable","12":"purchasable","13":"product-type-simple"},"_links":{"self":[{"href":"https:\/\/meca-remorque.com\/fr\/wp-json\/wp\/v2\/product\/4059","targetHints":{"allow":["GET"]}}],"collection":[{"href":"https:\/\/meca-remorque.com\/fr\/wp-json\/wp\/v2\/product"}],"about":[{"href":"https:\/\/meca-remorque.com\/fr\/wp-json\/wp\/v2\/types\/product"}],"replies":[{"embeddable":true,"href":"https:\/\/meca-remorque.com\/fr\/wp-json\/wp\/v2\/comments?post=4059"}],"version-history":[{"count":1,"href":"https:\/\/meca-remorque.com\/fr\/wp-json\/wp\/v2\/product\/4059\/revisions"}],"predecessor-version":[{"id":4145,"href":"https:\/\/meca-remorque.com\/fr\/wp-json\/wp\/v2\/product\/4059\/revisions\/4145"}],"wp:featuredmedia":[{"embeddable":true,"href":"https:\/\/meca-remorque.com\/fr\/wp-json\/wp\/v2\/media\/4144"}],"wp:attachment":[{"href":"https:\/\/meca-remorque.com\/fr\/wp-json\/wp\/v2\/media?parent=4059"}],"wp:term":[{"taxonomy":"product_brand","embeddable":true,"href":"https:\/\/meca-remorque.com\/fr\/wp-json\/wp\/v2\/product_brand?post=4059"},{"taxonomy":"product_cat","embeddable":true,"href":"https:\/\/meca-remorque.com\/fr\/wp-json\/wp\/v2\/product_cat?post=4059"},{"taxonomy":"product_tag","embeddable":true,"href":"https:\/\/meca-remorque.com\/fr\/wp-json\/wp\/v2\/product_tag?post=4059"}],"curies":[{"name":"wp","href":"https:\/\/api.w.org\/{rel}","templated":true}]}}