{"id":4060,"date":"2025-12-02T19:53:03","date_gmt":"2025-12-02T18:53:03","guid":{"rendered":"https:\/\/meca-remorque.com\/?post_type=product&#038;p=4060"},"modified":"2025-12-02T19:54:01","modified_gmt":"2025-12-02T18:54:01","slug":"nordpeis-q-34ul-ny-mork-thermotte","status":"publish","type":"product","link":"https:\/\/meca-remorque.com\/fr\/produit\/nordpeis-q-34ul-ny-mork-thermotte\/","title":{"rendered":"Nordpeis Q-34UL\u00a0NY\u00a0m\u00f8rk\u00a0thermotte"},"content":{"rendered":"","protected":false},"excerpt":{"rendered":"<p>Peisen er rentbrennende. Ved \u00e5 bytte til et rentbrennende ildsted sparer du b\u00e5de milj\u00f8et og lommeboken.<\/p>\n<p>Gir mye varme<br \/>\nStor innsats som gir mye varme og anbefales derfor st\u00f8rre rom.<\/p>\n<p>Luftspyling for renere glass<br \/>\nRen luft slippes inn via en kanal i overkant av glasset, som spyler som en gardin nedover glasset i det varme brennkammeret. Den rene luften begrenser r\u00f8yken fra \u00e5 komme i kontakt med og sote ned glasset.<\/p>\n<p>Supermax IR sideglass<br \/>\nOptimaliserer forbrenningsprosessen og gir renere glass, i tillegg til \u00e5 redusere overflatetemperaturen og kravet til sikkerhetsavstander<\/p>","protected":false},"featured_media":4146,"comment_status":"open","ping_status":"closed","template":"","meta":[],"product_brand":[],"product_cat":[285,279],"product_tag":[],"class_list":{"0":"post-4060","1":"product","2":"type-product","3":"status-publish","4":"has-post-thumbnail","6":"product_cat-innsats-med-glass-pa-3-side","7":"product_cat-peisinnsatser","9":"first","10":"instock","11":"shipping-taxable","12":"purchasable","13":"product-type-simple"},"_links":{"self":[{"href":"https:\/\/meca-remorque.com\/fr\/wp-json\/wp\/v2\/product\/4060","targetHints":{"allow":["GET"]}}],"collection":[{"href":"https:\/\/meca-remorque.com\/fr\/wp-json\/wp\/v2\/product"}],"about":[{"href":"https:\/\/meca-remorque.com\/fr\/wp-json\/wp\/v2\/types\/product"}],"replies":[{"embeddable":true,"href":"https:\/\/meca-remorque.com\/fr\/wp-json\/wp\/v2\/comments?post=4060"}],"version-history":[{"count":1,"href":"https:\/\/meca-remorque.com\/fr\/wp-json\/wp\/v2\/product\/4060\/revisions"}],"predecessor-version":[{"id":4147,"href":"https:\/\/meca-remorque.com\/fr\/wp-json\/wp\/v2\/product\/4060\/revisions\/4147"}],"wp:featuredmedia":[{"embeddable":true,"href":"https:\/\/meca-remorque.com\/fr\/wp-json\/wp\/v2\/media\/4146"}],"wp:attachment":[{"href":"https:\/\/meca-remorque.com\/fr\/wp-json\/wp\/v2\/media?parent=4060"}],"wp:term":[{"taxonomy":"product_brand","embeddable":true,"href":"https:\/\/meca-remorque.com\/fr\/wp-json\/wp\/v2\/product_brand?post=4060"},{"taxonomy":"product_cat","embeddable":true,"href":"https:\/\/meca-remorque.com\/fr\/wp-json\/wp\/v2\/product_cat?post=4060"},{"taxonomy":"product_tag","embeddable":true,"href":"https:\/\/meca-remorque.com\/fr\/wp-json\/wp\/v2\/product_tag?post=4060"}],"curies":[{"name":"wp","href":"https:\/\/api.w.org\/{rel}","templated":true}]}}