{"id":4062,"date":"2025-12-02T19:53:03","date_gmt":"2025-12-02T18:53:03","guid":{"rendered":"https:\/\/meca-remorque.com\/?post_type=product&#038;p=4062"},"modified":"2025-12-03T13:37:43","modified_gmt":"2025-12-03T12:37:43","slug":"nordpeis-wave-f-22-inkl-n-29f","status":"publish","type":"product","link":"https:\/\/meca-remorque.com\/fr\/produit\/nordpeis-wave-f-22-inkl-n-29f\/","title":{"rendered":"Nordpeis Wave\u00a0F\u00a02+2\u00a0inkl\u00a0N-29F"},"content":{"rendered":"","protected":false},"excerpt":{"rendered":"<p>Peis med ekstra stor peisinnsats<\/p>\n<p>Wave F er for deg som virkelig nyter synet av ilden som spraker i peisen. Med en ekstra stor innsats i front, gir denne modellen deg godt innsyn til flammene. Den unike, b\u00f8lgete overflaten gir peisen et spennende uttrykk som endrer seg med lyset. Velg om innsatsen skal plasseres h\u00f8yt eller lavt, mal den i din favorittfarge og legg til detaljene som skaper en peis for ditt hjem og din stil. P\u00e5 de h\u00f8ye modellene kan du velge \u00e5 integrere varmelagrende PowerStone\u2122 som lar deg holde p\u00e5 varmen lenge. Nyt synet, kjenn varmen og slapp av!<\/p>\n<p>Sv\u00e6rt godt innsyn<br \/>\nDen store innsatsen gir sv\u00e6rt godt innsyn til flammene<\/p>\n<p>Mange valgmuligheter<br \/>\nSkreddersy peisen til hjemmet ditt med mange valgmuligheter og ulike moduler<\/p>\n<p>Unik struktur<br \/>\nUnik, b\u00f8lgete overflate som skaper stemning og endrer uttrykk med lyset<\/p>\n<p>Elegant design<br \/>\nEksklusivt uttrykk i et elegant design som gir rommet et l\u00f8ft<\/p>","protected":false},"featured_media":4150,"comment_status":"open","ping_status":"closed","template":"","meta":[],"product_brand":[],"product_cat":[283],"product_tag":[],"class_list":{"0":"post-4062","1":"product","2":"type-product","3":"status-publish","4":"has-post-thumbnail","6":"product_cat-vedovn","8":"first","9":"instock","10":"shipping-taxable","11":"purchasable","12":"product-type-simple"},"_links":{"self":[{"href":"https:\/\/meca-remorque.com\/fr\/wp-json\/wp\/v2\/product\/4062","targetHints":{"allow":["GET"]}}],"collection":[{"href":"https:\/\/meca-remorque.com\/fr\/wp-json\/wp\/v2\/product"}],"about":[{"href":"https:\/\/meca-remorque.com\/fr\/wp-json\/wp\/v2\/types\/product"}],"replies":[{"embeddable":true,"href":"https:\/\/meca-remorque.com\/fr\/wp-json\/wp\/v2\/comments?post=4062"}],"version-history":[{"count":1,"href":"https:\/\/meca-remorque.com\/fr\/wp-json\/wp\/v2\/product\/4062\/revisions"}],"predecessor-version":[{"id":4151,"href":"https:\/\/meca-remorque.com\/fr\/wp-json\/wp\/v2\/product\/4062\/revisions\/4151"}],"wp:featuredmedia":[{"embeddable":true,"href":"https:\/\/meca-remorque.com\/fr\/wp-json\/wp\/v2\/media\/4150"}],"wp:attachment":[{"href":"https:\/\/meca-remorque.com\/fr\/wp-json\/wp\/v2\/media?parent=4062"}],"wp:term":[{"taxonomy":"product_brand","embeddable":true,"href":"https:\/\/meca-remorque.com\/fr\/wp-json\/wp\/v2\/product_brand?post=4062"},{"taxonomy":"product_cat","embeddable":true,"href":"https:\/\/meca-remorque.com\/fr\/wp-json\/wp\/v2\/product_cat?post=4062"},{"taxonomy":"product_tag","embeddable":true,"href":"https:\/\/meca-remorque.com\/fr\/wp-json\/wp\/v2\/product_tag?post=4062"}],"curies":[{"name":"wp","href":"https:\/\/api.w.org\/{rel}","templated":true}]}}