{"id":4093,"date":"2025-12-02T19:53:31","date_gmt":"2025-12-02T18:53:31","guid":{"rendered":"https:\/\/meca-remorque.com\/?post_type=product&#038;p=4093"},"modified":"2025-12-02T19:54:34","modified_gmt":"2025-12-02T18:54:34","slug":"utstillingsmodell-nordpeis-geneve-u-med-innsats-n-29u","status":"publish","type":"product","link":"https:\/\/meca-remorque.com\/fr\/produit\/utstillingsmodell-nordpeis-geneve-u-med-innsats-n-29u\/","title":{"rendered":"Utstillingsmodell- Nordpeis Geneve U med innsats N-29U"},"content":{"rendered":"","protected":false},"excerpt":{"rendered":"<p>Gen\u00e8ve U<br \/>\nPeis med doble IR glass og integrert brannmur<\/p>\n<p>Gen\u00e8ve U er en peis som t\u00f8r \u00e5 ta plass \u2013 perfekt for st\u00f8rre rom hvor den virkelig kan komme til sin rett. Modellen g\u00e5r helt opp til standard takh\u00f8yde, og kombinert med rent design og et imponerende innsyn til flammene fra tre sider, er det ingen tvil om at Gen\u00e8ve U blir et smykke i hjemmet ditt. Takket v\u00e6re den stilrene vednisjen under innsatsen kan du oppbevare veden i n\u00e6rheten, uten at det g\u00e5r p\u00e5 bekostning av interi\u00f8ret.<\/p>","protected":false},"featured_media":3939,"comment_status":"open","ping_status":"closed","template":"","meta":[],"product_brand":[],"product_cat":[278,483],"product_tag":[],"class_list":{"0":"post-4093","1":"product","2":"type-product","3":"status-publish","4":"has-post-thumbnail","6":"product_cat-peis","7":"product_cat-utstillingsmodeller","9":"first","10":"instock","11":"sale","12":"shipping-taxable","13":"purchasable","14":"product-type-simple"},"_links":{"self":[{"href":"https:\/\/meca-remorque.com\/fr\/wp-json\/wp\/v2\/product\/4093","targetHints":{"allow":["GET"]}}],"collection":[{"href":"https:\/\/meca-remorque.com\/fr\/wp-json\/wp\/v2\/product"}],"about":[{"href":"https:\/\/meca-remorque.com\/fr\/wp-json\/wp\/v2\/types\/product"}],"replies":[{"embeddable":true,"href":"https:\/\/meca-remorque.com\/fr\/wp-json\/wp\/v2\/comments?post=4093"}],"version-history":[{"count":1,"href":"https:\/\/meca-remorque.com\/fr\/wp-json\/wp\/v2\/product\/4093\/revisions"}],"predecessor-version":[{"id":4177,"href":"https:\/\/meca-remorque.com\/fr\/wp-json\/wp\/v2\/product\/4093\/revisions\/4177"}],"wp:featuredmedia":[{"embeddable":true,"href":"https:\/\/meca-remorque.com\/fr\/wp-json\/wp\/v2\/media\/3939"}],"wp:attachment":[{"href":"https:\/\/meca-remorque.com\/fr\/wp-json\/wp\/v2\/media?parent=4093"}],"wp:term":[{"taxonomy":"product_brand","embeddable":true,"href":"https:\/\/meca-remorque.com\/fr\/wp-json\/wp\/v2\/product_brand?post=4093"},{"taxonomy":"product_cat","embeddable":true,"href":"https:\/\/meca-remorque.com\/fr\/wp-json\/wp\/v2\/product_cat?post=4093"},{"taxonomy":"product_tag","embeddable":true,"href":"https:\/\/meca-remorque.com\/fr\/wp-json\/wp\/v2\/product_tag?post=4093"}],"curies":[{"name":"wp","href":"https:\/\/api.w.org\/{rel}","templated":true}]}}