{"id":4132,"date":"2025-12-02T19:53:54","date_gmt":"2025-12-02T18:53:54","guid":{"rendered":"https:\/\/meca-remorque.com\/?post_type=product&#038;p=4132"},"modified":"2025-12-02T19:54:38","modified_gmt":"2025-12-02T18:54:38","slug":"aduro-hybrid-1","status":"publish","type":"product","link":"https:\/\/meca-remorque.com\/fr\/produit\/aduro-hybrid-1\/","title":{"rendered":"Aduro Hybrid 1"},"content":{"rendered":"","protected":false},"excerpt":{"rendered":"<p>Aduro H1 kombinerer effektiv oppvarming fra trepellets og stemningsfull hygge fra ved. Du kan nyte synet av de dansende flammene n\u00e5r du fyrer med ved, og fyre med trepellets over natta eller varme opp huset n\u00e5r du ikke er hjemme.<br \/>\nDet buede glasset og sideglassene s\u00f8rger for unik 180-graders utsikt til b\u00e5let, og de spesialdesignede h\u00e5ndtakene gir ovnen et pent og moderne uttrykk. Pelletsholderen er plassert under brennkammeret for lett og enkel p\u00e5fylling, og det kan romme ca. 13 kg pellets.<\/p>","protected":false},"featured_media":4191,"comment_status":"open","ping_status":"closed","template":"","meta":[],"product_brand":[],"product_cat":[547,281],"product_tag":[],"class_list":{"0":"post-4132","1":"product","2":"type-product","3":"status-publish","4":"has-post-thumbnail","6":"product_cat-kombinert-pellets-og-vedovn","7":"product_cat-ovn","9":"first","10":"instock","11":"shipping-taxable","12":"purchasable","13":"product-type-simple"},"_links":{"self":[{"href":"https:\/\/meca-remorque.com\/fr\/wp-json\/wp\/v2\/product\/4132","targetHints":{"allow":["GET"]}}],"collection":[{"href":"https:\/\/meca-remorque.com\/fr\/wp-json\/wp\/v2\/product"}],"about":[{"href":"https:\/\/meca-remorque.com\/fr\/wp-json\/wp\/v2\/types\/product"}],"replies":[{"embeddable":true,"href":"https:\/\/meca-remorque.com\/fr\/wp-json\/wp\/v2\/comments?post=4132"}],"version-history":[{"count":1,"href":"https:\/\/meca-remorque.com\/fr\/wp-json\/wp\/v2\/product\/4132\/revisions"}],"predecessor-version":[{"id":4192,"href":"https:\/\/meca-remorque.com\/fr\/wp-json\/wp\/v2\/product\/4132\/revisions\/4192"}],"wp:featuredmedia":[{"embeddable":true,"href":"https:\/\/meca-remorque.com\/fr\/wp-json\/wp\/v2\/media\/4191"}],"wp:attachment":[{"href":"https:\/\/meca-remorque.com\/fr\/wp-json\/wp\/v2\/media?parent=4132"}],"wp:term":[{"taxonomy":"product_brand","embeddable":true,"href":"https:\/\/meca-remorque.com\/fr\/wp-json\/wp\/v2\/product_brand?post=4132"},{"taxonomy":"product_cat","embeddable":true,"href":"https:\/\/meca-remorque.com\/fr\/wp-json\/wp\/v2\/product_cat?post=4132"},{"taxonomy":"product_tag","embeddable":true,"href":"https:\/\/meca-remorque.com\/fr\/wp-json\/wp\/v2\/product_tag?post=4132"}],"curies":[{"name":"wp","href":"https:\/\/api.w.org\/{rel}","templated":true}]}}