{"id":4135,"date":"2025-12-02T19:53:54","date_gmt":"2025-12-02T18:53:54","guid":{"rendered":"https:\/\/meca-remorque.com\/?post_type=product&#038;p=4135"},"modified":"2025-12-02T19:54:43","modified_gmt":"2025-12-02T18:54:43","slug":"aduro-hybrid-5","status":"publish","type":"product","link":"https:\/\/meca-remorque.com\/fr\/produit\/aduro-hybrid-5\/","title":{"rendered":"Aduro Hybrid 5"},"content":{"rendered":"","protected":false},"excerpt":{"rendered":"<p>Med sitt kubiske utseende skiller Aduro H5 seg fra de andre ovnene i Aduro Hybrid-serien. De glatte overflatene, skarpe hj\u00f8rnene og spesialdesignede h\u00e5ndtakene gir ovnen et tidl\u00f8st utseende. Pelletsholderen er plassert under brennkammeret for lett og enkel p\u00e5fylling, og det kan romme ca. 13 kg pellets.<\/p>","protected":false},"featured_media":4212,"comment_status":"open","ping_status":"closed","template":"","meta":[],"product_brand":[],"product_cat":[547,281],"product_tag":[],"class_list":{"0":"post-4135","1":"product","2":"type-product","3":"status-publish","4":"has-post-thumbnail","6":"product_cat-kombinert-pellets-og-vedovn","7":"product_cat-ovn","9":"first","10":"instock","11":"shipping-taxable","12":"purchasable","13":"product-type-simple"},"_links":{"self":[{"href":"https:\/\/meca-remorque.com\/fr\/wp-json\/wp\/v2\/product\/4135","targetHints":{"allow":["GET"]}}],"collection":[{"href":"https:\/\/meca-remorque.com\/fr\/wp-json\/wp\/v2\/product"}],"about":[{"href":"https:\/\/meca-remorque.com\/fr\/wp-json\/wp\/v2\/types\/product"}],"replies":[{"embeddable":true,"href":"https:\/\/meca-remorque.com\/fr\/wp-json\/wp\/v2\/comments?post=4135"}],"version-history":[{"count":1,"href":"https:\/\/meca-remorque.com\/fr\/wp-json\/wp\/v2\/product\/4135\/revisions"}],"predecessor-version":[{"id":4213,"href":"https:\/\/meca-remorque.com\/fr\/wp-json\/wp\/v2\/product\/4135\/revisions\/4213"}],"wp:featuredmedia":[{"embeddable":true,"href":"https:\/\/meca-remorque.com\/fr\/wp-json\/wp\/v2\/media\/4212"}],"wp:attachment":[{"href":"https:\/\/meca-remorque.com\/fr\/wp-json\/wp\/v2\/media?parent=4135"}],"wp:term":[{"taxonomy":"product_brand","embeddable":true,"href":"https:\/\/meca-remorque.com\/fr\/wp-json\/wp\/v2\/product_brand?post=4135"},{"taxonomy":"product_cat","embeddable":true,"href":"https:\/\/meca-remorque.com\/fr\/wp-json\/wp\/v2\/product_cat?post=4135"},{"taxonomy":"product_tag","embeddable":true,"href":"https:\/\/meca-remorque.com\/fr\/wp-json\/wp\/v2\/product_tag?post=4135"}],"curies":[{"name":"wp","href":"https:\/\/api.w.org\/{rel}","templated":true}]}}