{"id":4137,"date":"2025-12-02T19:53:54","date_gmt":"2025-12-02T18:53:54","guid":{"rendered":"https:\/\/meca-remorque.com\/?post_type=product&#038;p=4137"},"modified":"2025-12-02T19:54:45","modified_gmt":"2025-12-02T18:54:45","slug":"romotop-heat-l-side-65-51-40-lyst-brennkammer-hl4sg","status":"publish","type":"product","link":"https:\/\/meca-remorque.com\/fr\/produit\/romotop-heat-l-side-65-51-40-lyst-brennkammer-hl4sg\/","title":{"rendered":"Romotop Heat L, side, 65.51.40 Lyst brennkammer (HL4SG)"},"content":{"rendered":"<p>Peisen p\u00e5 bildet er avbildet med ramme (tilvalg).<br \/>\nHEAT er Romotops nyutviklede store peisinnsatser. Med Romotops posisjon, som en av Europas store peis og ildsted produsenter, ligger de helt i tet b\u00e5de i effektivitet, kvalitet og innovasjon.<br \/>\nHEAT R\/L S 65.51.40 er en enklere utgave av hj\u00f8rnepeiser fra Romotop uten heved\u00f8r. Her f\u00e5r du Romotop sitt ekslusive brennkammer til en meget hyggelig pris.<br \/>\n&nbsp;<\/p>\n<p>Peisen har sidehengslet d\u00f8r (h\u00f8yre\/venstre avh. av versjon)<br \/>\nBeregnet for peiskasse med konveksjon<br \/>\nForbrenningskammeret er kledd med st\u00f8pt Chamottestein.<br \/>\nRegulering av prim\u00e6r og sekund\u00e6r luftinntak med en enkel hendel i framkant av glasset, nede<\/p>","protected":false},"excerpt":{"rendered":"<p>Peisen p\u00e5 bildet er avbildet med ramme (tilvalg). HEAT er Romotops nyutviklede store peisinnsatser. Med Romotops posisjon, som en av<\/p>","protected":false},"featured_media":4216,"comment_status":"open","ping_status":"closed","template":"","meta":[],"product_brand":[],"product_cat":[277,278],"product_tag":[],"class_list":{"0":"post-4137","1":"product","2":"type-product","3":"status-publish","4":"has-post-thumbnail","6":"product_cat-innsats-med-glass-pa-2-side","7":"product_cat-peis","9":"first","10":"instock","11":"shipping-taxable","12":"purchasable","13":"product-type-simple"},"_links":{"self":[{"href":"https:\/\/meca-remorque.com\/fr\/wp-json\/wp\/v2\/product\/4137","targetHints":{"allow":["GET"]}}],"collection":[{"href":"https:\/\/meca-remorque.com\/fr\/wp-json\/wp\/v2\/product"}],"about":[{"href":"https:\/\/meca-remorque.com\/fr\/wp-json\/wp\/v2\/types\/product"}],"replies":[{"embeddable":true,"href":"https:\/\/meca-remorque.com\/fr\/wp-json\/wp\/v2\/comments?post=4137"}],"version-history":[{"count":1,"href":"https:\/\/meca-remorque.com\/fr\/wp-json\/wp\/v2\/product\/4137\/revisions"}],"predecessor-version":[{"id":4217,"href":"https:\/\/meca-remorque.com\/fr\/wp-json\/wp\/v2\/product\/4137\/revisions\/4217"}],"wp:featuredmedia":[{"embeddable":true,"href":"https:\/\/meca-remorque.com\/fr\/wp-json\/wp\/v2\/media\/4216"}],"wp:attachment":[{"href":"https:\/\/meca-remorque.com\/fr\/wp-json\/wp\/v2\/media?parent=4137"}],"wp:term":[{"taxonomy":"product_brand","embeddable":true,"href":"https:\/\/meca-remorque.com\/fr\/wp-json\/wp\/v2\/product_brand?post=4137"},{"taxonomy":"product_cat","embeddable":true,"href":"https:\/\/meca-remorque.com\/fr\/wp-json\/wp\/v2\/product_cat?post=4137"},{"taxonomy":"product_tag","embeddable":true,"href":"https:\/\/meca-remorque.com\/fr\/wp-json\/wp\/v2\/product_tag?post=4137"}],"curies":[{"name":"wp","href":"https:\/\/api.w.org\/{rel}","templated":true}]}}