{"id":4141,"date":"2025-12-02T19:53:54","date_gmt":"2025-12-02T18:53:54","guid":{"rendered":"https:\/\/meca-remorque.com\/?post_type=product&#038;p=4141"},"modified":"2025-12-02T19:54:49","modified_gmt":"2025-12-02T18:54:49","slug":"hajduk-smart-2lt-s-venstrehengslet","status":"publish","type":"product","link":"https:\/\/meca-remorque.com\/fr\/produit\/hajduk-smart-2lt-s-venstrehengslet\/","title":{"rendered":"Hajduk SMART 2LT-S (venstrehengslet)"},"content":{"rendered":"","protected":false},"excerpt":{"rendered":"<p>Hajduk leverer moderne innsatser med lang holdbarhet i stilrent design. Takket v\u00e6re produktets selvrensende glass og brukervennlighet, blir peiskosen en st\u00f8rre glede.<br \/>\nEksternt lufttilf\u00f8rsels- og divisjonssystem Jet Stream Superior med to brennende hastighetsregulatorer leder prim\u00e6rluften gjennom asken og overluften til den \u00f8vre delen av ovnen. Prim\u00e6rluft hjelper til med \u00e5 tenne de f\u00f8rste og neste delene av veden mens overluft gir mulighet for \u00f8konomisk og \u00f8kologisk forbrenning \u2013 det sikrer presis kontroll over forbrenningsprosessen<br \/>\nAutomatisk rengj\u00f8ring av glass med Clear View -system \u2013 hjelper \u00e5 holde glasset rent<br \/>\nDobbelt deflektorsystem \u2013 det f\u00f8rste er vermikulitt og \u00f8ker temperaturen i ovnen, det andre er laget av st\u00e5l og forlenger r\u00f8ykbanen \u2013 h\u00f8y \u00f8yeblikkelig og gjennomsnittlig virkningsgrad p\u00e5 opptil 90% (avhengig av modell) \u2013 sparer b\u00e5de ved og milj\u00f8et samtidig<br \/>\nInnsatsen er foret med 50 mm tykke chamottebeslag p\u00e5 veggene og 65 mm tykke p\u00e5 bunnen (ingen betongbelegg) \u2013 gir stabilisering av temperaturen i rommet og h\u00f8y termisk komfort<br \/>\nH\u00f8y totalvekt p\u00e5 peisinnsatsen \u2013 en stor akkumulering av varme \u2013 gir holdbarhet i mange \u00e5r<br \/>\nBunnen av ovnen er senket i forhold til d\u00f8ren og gir dermed god plass til lasting av ved og plass for aske \u2013 Skuff med stor kapasitet for fjerning av aske sikrer komfort for brukeren<br \/>\nP\u00e5 grunn av produktenes holdbarhet, p\u00e5litelighet, estetikk og presisjon i produksjonen og utrolige oppmerksomhet p\u00e5 detaljer, blir Hajduks produkter gjenkjent av mange kunder fra alle verdenshj\u00f8rner.<\/p>","protected":false},"featured_media":4225,"comment_status":"open","ping_status":"closed","template":"","meta":[],"product_brand":[],"product_cat":[277],"product_tag":[],"class_list":{"0":"post-4141","1":"product","2":"type-product","3":"status-publish","4":"has-post-thumbnail","6":"product_cat-innsats-med-glass-pa-2-side","8":"first","9":"instock","10":"sale","11":"shipping-taxable","12":"purchasable","13":"product-type-simple"},"_links":{"self":[{"href":"https:\/\/meca-remorque.com\/fr\/wp-json\/wp\/v2\/product\/4141","targetHints":{"allow":["GET"]}}],"collection":[{"href":"https:\/\/meca-remorque.com\/fr\/wp-json\/wp\/v2\/product"}],"about":[{"href":"https:\/\/meca-remorque.com\/fr\/wp-json\/wp\/v2\/types\/product"}],"replies":[{"embeddable":true,"href":"https:\/\/meca-remorque.com\/fr\/wp-json\/wp\/v2\/comments?post=4141"}],"version-history":[{"count":1,"href":"https:\/\/meca-remorque.com\/fr\/wp-json\/wp\/v2\/product\/4141\/revisions"}],"predecessor-version":[{"id":4226,"href":"https:\/\/meca-remorque.com\/fr\/wp-json\/wp\/v2\/product\/4141\/revisions\/4226"}],"wp:featuredmedia":[{"embeddable":true,"href":"https:\/\/meca-remorque.com\/fr\/wp-json\/wp\/v2\/media\/4225"}],"wp:attachment":[{"href":"https:\/\/meca-remorque.com\/fr\/wp-json\/wp\/v2\/media?parent=4141"}],"wp:term":[{"taxonomy":"product_brand","embeddable":true,"href":"https:\/\/meca-remorque.com\/fr\/wp-json\/wp\/v2\/product_brand?post=4141"},{"taxonomy":"product_cat","embeddable":true,"href":"https:\/\/meca-remorque.com\/fr\/wp-json\/wp\/v2\/product_cat?post=4141"},{"taxonomy":"product_tag","embeddable":true,"href":"https:\/\/meca-remorque.com\/fr\/wp-json\/wp\/v2\/product_tag?post=4141"}],"curies":[{"name":"wp","href":"https:\/\/api.w.org\/{rel}","templated":true}]}}