{"id":4158,"date":"2025-12-02T19:54:18","date_gmt":"2025-12-02T18:54:18","guid":{"rendered":"https:\/\/meca-remorque.com\/?post_type=product&#038;p=4158"},"modified":"2025-12-02T19:54:51","modified_gmt":"2025-12-02T18:54:51","slug":"hajduk-smart-2lxt-h-hevedor","status":"publish","type":"product","link":"https:\/\/meca-remorque.com\/fr\/produit\/hajduk-smart-2lxt-h-hevedor\/","title":{"rendered":"Hajduk SMART 2LXT h (heved\u00f8r)"},"content":{"rendered":"","protected":false},"excerpt":{"rendered":"<p>Hajduk Smart 2LXT h Peisinnsats<br \/>\nPeisinnsats med heved\u00f8r og sideglass p\u00e5 hele 40 cm<br \/>\nPeis\u00e5pning: Bredde 66 cm H\u00f8yde 46 cm Dybde 43,6 cm<br \/>\nMed en energieffektivitet p\u00e5 83 % brenner den rent, og oppfyller kravene til Ecodesign (EU og Norge) og EN 13 229, BImSchV2 for Tyskland, art.15.a for \u00d8sterrike, og LRV for Sveits.<br \/>\nDen er utstyrt med et moderne dobbelvegget st\u00e5l- og chamottestruktur, som sikrer langvarig bruk. Innsatsen har ogs\u00e5 et Clear View selv-rengj\u00f8ringssystem for \u00e5 holde glasset rent, samt en CLING heved\u00f8r-mekanisme for enkel (og elegant!) betjening.<br \/>\nHajduk Smart 2LXTh er designet for \u00e5 gi h\u00f8y termisk komfort og effektivitet, med en varmebestandig keramisk glass som t\u00e5ler temperaturer opp til 800 \u00b0C. Den har ogs\u00e5 et system for prim\u00e6r og sekund\u00e6r lufttilf\u00f8rsel, som sikrer \u00f8konomisk og milj\u00f8vennlig forbrenning.<\/p>","protected":false},"featured_media":4227,"comment_status":"open","ping_status":"closed","template":"","meta":[],"product_brand":[],"product_cat":[277],"product_tag":[],"class_list":{"0":"post-4158","1":"product","2":"type-product","3":"status-publish","4":"has-post-thumbnail","6":"product_cat-innsats-med-glass-pa-2-side","8":"first","9":"instock","10":"sale","11":"shipping-taxable","12":"purchasable","13":"product-type-simple"},"_links":{"self":[{"href":"https:\/\/meca-remorque.com\/fr\/wp-json\/wp\/v2\/product\/4158","targetHints":{"allow":["GET"]}}],"collection":[{"href":"https:\/\/meca-remorque.com\/fr\/wp-json\/wp\/v2\/product"}],"about":[{"href":"https:\/\/meca-remorque.com\/fr\/wp-json\/wp\/v2\/types\/product"}],"replies":[{"embeddable":true,"href":"https:\/\/meca-remorque.com\/fr\/wp-json\/wp\/v2\/comments?post=4158"}],"version-history":[{"count":1,"href":"https:\/\/meca-remorque.com\/fr\/wp-json\/wp\/v2\/product\/4158\/revisions"}],"predecessor-version":[{"id":4228,"href":"https:\/\/meca-remorque.com\/fr\/wp-json\/wp\/v2\/product\/4158\/revisions\/4228"}],"wp:featuredmedia":[{"embeddable":true,"href":"https:\/\/meca-remorque.com\/fr\/wp-json\/wp\/v2\/media\/4227"}],"wp:attachment":[{"href":"https:\/\/meca-remorque.com\/fr\/wp-json\/wp\/v2\/media?parent=4158"}],"wp:term":[{"taxonomy":"product_brand","embeddable":true,"href":"https:\/\/meca-remorque.com\/fr\/wp-json\/wp\/v2\/product_brand?post=4158"},{"taxonomy":"product_cat","embeddable":true,"href":"https:\/\/meca-remorque.com\/fr\/wp-json\/wp\/v2\/product_cat?post=4158"},{"taxonomy":"product_tag","embeddable":true,"href":"https:\/\/meca-remorque.com\/fr\/wp-json\/wp\/v2\/product_tag?post=4158"}],"curies":[{"name":"wp","href":"https:\/\/api.w.org\/{rel}","templated":true}]}}