{"id":4161,"date":"2025-12-02T19:54:19","date_gmt":"2025-12-02T18:54:19","guid":{"rendered":"https:\/\/meca-remorque.com\/?post_type=product&#038;p=4161"},"modified":"2025-12-02T19:54:52","modified_gmt":"2025-12-02T18:54:52","slug":"hajduk-smart-3plth-s-hevedor","status":"publish","type":"product","link":"https:\/\/meca-remorque.com\/fr\/produit\/hajduk-smart-3plth-s-hevedor\/","title":{"rendered":"Hajduk SMART 3PLTh-S (heved\u00f8r)"},"content":{"rendered":"<p>Moderne 3-sidig peis i premium klassen.<br \/>\nHajduk innsats med heved\u00f8r Moderne, holdbar peisinnsats med selvrensende glass og effektiv luftstyring for \u00f8konomisk og milj\u00f8vennlig forbrenning.<br \/>\nGod isolasjon og stor askeskuff for enkel bruk.<\/p>","protected":false},"excerpt":{"rendered":"<p>Moderne 3-sidig peis i premium klassen. Hajduk innsats med heved\u00f8r Moderne, holdbar peisinnsats med selvrensende glass og effektiv luftstyring for<\/p>","protected":false},"featured_media":4234,"comment_status":"open","ping_status":"closed","template":"","meta":[],"product_brand":[],"product_cat":[285,279],"product_tag":[],"class_list":{"0":"post-4161","1":"product","2":"type-product","3":"status-publish","4":"has-post-thumbnail","6":"product_cat-innsats-med-glass-pa-3-side","7":"product_cat-peisinnsatser","9":"first","10":"instock","11":"sale","12":"shipping-taxable","13":"purchasable","14":"product-type-simple"},"_links":{"self":[{"href":"https:\/\/meca-remorque.com\/fr\/wp-json\/wp\/v2\/product\/4161","targetHints":{"allow":["GET"]}}],"collection":[{"href":"https:\/\/meca-remorque.com\/fr\/wp-json\/wp\/v2\/product"}],"about":[{"href":"https:\/\/meca-remorque.com\/fr\/wp-json\/wp\/v2\/types\/product"}],"replies":[{"embeddable":true,"href":"https:\/\/meca-remorque.com\/fr\/wp-json\/wp\/v2\/comments?post=4161"}],"version-history":[{"count":1,"href":"https:\/\/meca-remorque.com\/fr\/wp-json\/wp\/v2\/product\/4161\/revisions"}],"predecessor-version":[{"id":4235,"href":"https:\/\/meca-remorque.com\/fr\/wp-json\/wp\/v2\/product\/4161\/revisions\/4235"}],"wp:featuredmedia":[{"embeddable":true,"href":"https:\/\/meca-remorque.com\/fr\/wp-json\/wp\/v2\/media\/4234"}],"wp:attachment":[{"href":"https:\/\/meca-remorque.com\/fr\/wp-json\/wp\/v2\/media?parent=4161"}],"wp:term":[{"taxonomy":"product_brand","embeddable":true,"href":"https:\/\/meca-remorque.com\/fr\/wp-json\/wp\/v2\/product_brand?post=4161"},{"taxonomy":"product_cat","embeddable":true,"href":"https:\/\/meca-remorque.com\/fr\/wp-json\/wp\/v2\/product_cat?post=4161"},{"taxonomy":"product_tag","embeddable":true,"href":"https:\/\/meca-remorque.com\/fr\/wp-json\/wp\/v2\/product_tag?post=4161"}],"curies":[{"name":"wp","href":"https:\/\/api.w.org\/{rel}","templated":true}]}}